{"id":193,"date":"2024-07-02T05:44:20","date_gmt":"2024-07-02T05:44:20","guid":{"rendered":"http:\/\/www.BAM-Service.com\/?page_id=193"},"modified":"2024-07-02T05:44:20","modified_gmt":"2024-07-02T05:44:20","slug":"home","status":"publish","type":"page","link":"https:\/\/www.bam-service.com\/en\/","title":{"rendered":"Home"},"content":{"rendered":"<div class=\"wpb-content-wrapper\"><div   class=\"vc_row wpb_row vc_row-fluid vc_custom_1490480521246 full-width-section\">\n\t<div  class=\"vc_span12 wpb_column vc_column_container\"><div class=\"vc_column-inner\">\n\t\t<div class=\"wpb_wrapper\">\n\t\t\t<h2 style=\"text-align: center;font-family:Montserrat;font-weight:400;font-style:normal\" class=\"vc_custom_heading\" >Internet, web design, data processing, hosting, databases<\/h2>\n\t<div class=\"wpb_text_column wpb_content_element   ct_94lyxgxzci15zi5odox4\" >\n\t\t<div class=\"wpb_wrapper\" >\n\t\t\t<p style=\"text-align: left;\">\"Business as usual\" is no longer good enough. To make your brand stand out in the post COVID world of intense competition requires bespoke online solutions. The Internet is the world\u2019s go-to information and communication medium, so you need a bundled service provider who understands your business needs.<\/p>\n<p style=\"text-align: left;\">The aim of Internet presence is to develop customer potential through innovation, differentiation and service offerings, but also to simplify service processes. The Internet offers the chance to achieve visible successes and to explore benefits through customer proximity and loyalty. A professional appearance, current information and tailored design, as well as user-friendly navigation, are essential elements of a successful online presence.<\/p>\n\n\t\t<\/div> \n\t<\/div> \n\t\t<\/div> <\/div>\n\t<\/div> <\/div><div   class=\"vc_row wpb_row vc_row-fluid\">\n\t<div  class=\"vc_span12 wpb_column vc_column_container rda_fadeInUp\"><div class=\"vc_column-inner\">\n\t\t<div class=\"wpb_wrapper\">\n\t\t\t<style type=\"text\/css\" >#promo_t9vw03poyk7sbjtc8wt9 {margin:0px 0 0px 0;}<\/style><style type='text\/css'> @font-face{font-family: 'wb'; src:url('https:\/\/www.bam-service.com\/wp-content\/themes\/thefox\/includes\/4k-icons\/icons\/4k-icons-pack05\/icons\/fonts\/wb.eot'); src:url('https:\/\/www.bam-service.com\/wp-content\/themes\/thefox\/includes\/4k-icons\/icons\/4k-icons-pack05\/icons\/fonts\/wb.eot?#iefix') format('embedded-opentype'), url('https:\/\/www.bam-service.com\/wp-content\/themes\/thefox\/includes\/4k-icons\/icons\/4k-icons-pack05\/icons\/fonts\/wb.woff') format('woff'), url('https:\/\/www.bam-service.com\/wp-content\/themes\/thefox\/includes\/4k-icons\/icons\/4k-icons-pack05\/icons\/fonts\/wb.ttf') format('truetype'), url('https:\/\/www.bam-service.com\/wp-content\/themes\/thefox\/includes\/4k-icons\/icons\/4k-icons-pack05\/icons\/fonts\/wb.svg#oi') format('svg'); font-weight: normal; font-style: normal;}#promo_t9vw03poyk7sbjtc8wt9 .wb-phone:before{font-family: 'wb'; font-weight: normal; font-style: normal;}#promo_t9vw03poyk7sbjtc8wt9 .wb-phone:before{content: \"\\f15b\";}<\/style>\n<style type=\"text\/css\" >#promo_t9vw03poyk7sbjtc8wt9 {color:; background:; border:1px solid ;}#promo_t9vw03poyk7sbjtc8wt9 .promo_title{color:;}#promo_t9vw03poyk7sbjtc8wt9 .promo_btn{color:#ef8400; background:#1e73be;}#promo_t9vw03poyk7sbjtc8wt9 .promo_btn:hover{background:#ddeeff;}#promo_t9vw03poyk7sbjtc8wt9 i{color:#1e73be; background:; font-size:25px;}<\/style><div id=\"promo_t9vw03poyk7sbjtc8wt9\" class=\"rd_promo_box rd_cta_1 rda_fadeInUp\"><i class=\"wb-phone\"><\/i><div class=\"promo_text\"><h2 class=\"promo_title\">Give us a call<\/h2><p class=\"cta_mt\">We would be happy to discuss your website or software project with you.<p><\/div><a class=\"promo_btn\" href=\"tel:+49242743495050\" target=\"_blank\" >Call us<\/a><\/div>\n\t\t<\/div> <\/div>\n\t<\/div> <\/div>\n<\/div>","protected":false},"excerpt":{"rendered":"<p>Internet, Webdesign, EDV-Service, Webhosting, Datenbanken &#8222;Business as usual&#8220; wird in der Zukunft auch f\u00fcr Ihre Firma nicht mehr ausreichen. Sich in einem versch\u00e4rften Wettbewerb durchzusetzen und zu profilieren wird Ihre Firma vor eine gro\u00dfe Herausforderung stellen. Das Internet hat sich dabei als Informations- und Kommunikationsmedium bei allen Bev\u00f6lkerungsschichten und Altersstrukturen etabliert. Tendenz steigend. Ziel einer<br \/><a href=\"https:\/\/www.bam-service.com\/en\/\" class=\"more\">Read more<\/a><\/p>","protected":false},"author":1,"featured_media":0,"parent":0,"menu_order":0,"comment_status":"closed","ping_status":"closed","template":"","meta":{"footnotes":""},"class_list":["post-193","page","type-page","status-publish","hentry"],"_links":{"self":[{"href":"https:\/\/www.bam-service.com\/en\/wp-json\/wp\/v2\/pages\/193","targetHints":{"allow":["GET"]}}],"collection":[{"href":"https:\/\/www.bam-service.com\/en\/wp-json\/wp\/v2\/pages"}],"about":[{"href":"https:\/\/www.bam-service.com\/en\/wp-json\/wp\/v2\/types\/page"}],"author":[{"embeddable":true,"href":"https:\/\/www.bam-service.com\/en\/wp-json\/wp\/v2\/users\/1"}],"replies":[{"embeddable":true,"href":"https:\/\/www.bam-service.com\/en\/wp-json\/wp\/v2\/comments?post=193"}],"version-history":[{"count":49,"href":"https:\/\/www.bam-service.com\/en\/wp-json\/wp\/v2\/pages\/193\/revisions"}],"predecessor-version":[{"id":515,"href":"https:\/\/www.bam-service.com\/en\/wp-json\/wp\/v2\/pages\/193\/revisions\/515"}],"wp:attachment":[{"href":"https:\/\/www.bam-service.com\/en\/wp-json\/wp\/v2\/media?parent=193"}],"curies":[{"name":"wp","href":"https:\/\/api.w.org\/{rel}","templated":true}]}}