{"id":217,"date":"2016-10-09T05:53:01","date_gmt":"2016-10-09T03:53:01","guid":{"rendered":"http:\/\/www.BAM-Service.com\/?page_id=217"},"modified":"2017-02-22T08:10:52","modified_gmt":"2017-02-22T07:10:52","slug":"webmail","status":"publish","type":"page","link":"https:\/\/www.bam-service.com\/en\/service\/webmail\/","title":{"rendered":"Webmail"},"content":{"rendered":"<div class=\"wpb-content-wrapper\"><div   class=\"vc_row wpb_row vc_row-fluid\">\n\t<div  class=\"vc_span6 wpb_column vc_column_container\"><div class=\"vc_column-inner\">\n\t\t<div class=\"wpb_wrapper\">\n\t\t\t<style type=\"text\/css\" >#rand_dp73yl1kss3mzozyabbk {margin-top:0px; margin-bottom:0px; }<\/style><style type='text\/css'> @font-face{font-family: 'wb'; src:url('https:\/\/www.bam-service.com\/wp-content\/themes\/thefox\/includes\/4k-icons\/icons\/4k-icons-pack05\/icons\/fonts\/wb.eot'); src:url('https:\/\/www.bam-service.com\/wp-content\/themes\/thefox\/includes\/4k-icons\/icons\/4k-icons-pack05\/icons\/fonts\/wb.eot?#iefix') format('embedded-opentype'), url('https:\/\/www.bam-service.com\/wp-content\/themes\/thefox\/includes\/4k-icons\/icons\/4k-icons-pack05\/icons\/fonts\/wb.woff') format('woff'), url('https:\/\/www.bam-service.com\/wp-content\/themes\/thefox\/includes\/4k-icons\/icons\/4k-icons-pack05\/icons\/fonts\/wb.ttf') format('truetype'), url('https:\/\/www.bam-service.com\/wp-content\/themes\/thefox\/includes\/4k-icons\/icons\/4k-icons-pack05\/icons\/fonts\/wb.svg#oi') format('svg'); font-weight: normal; font-style: normal;}#rand_dp73yl1kss3mzozyabbk .wb-emailrefresh:before{font-family: 'wb'; font-weight: normal; font-style: normal;}#rand_dp73yl1kss3mzozyabbk .wb-emailrefresh:before{content: \"\\f174\";}<\/style>\n<div id=\"rand_dp73yl1kss3mzozyabbk\" class=\"icon_box_mi_b rda_pulse\"><i class=\"wb-emailrefresh\" style=\"color:#1e73be;\"><\/i><h3 style=\"color:#004896;\">Webmail<\/h3><p style=\"color:#002277\">With our webmail service, you can log into your personal e-mail inbox from anywhere in the world.<\/p><\/div><style type=\"text\/css\" >#rand_56z82c182zb70z3pv8y2 {margin-top:0px; margin-bottom:0px; }<\/style><style type='text\/css'> @font-face{font-family: 'wb'; src:url('https:\/\/www.bam-service.com\/wp-content\/themes\/thefox\/includes\/4k-icons\/icons\/4k-icons-pack05\/icons\/fonts\/wb.eot'); src:url('https:\/\/www.bam-service.com\/wp-content\/themes\/thefox\/includes\/4k-icons\/icons\/4k-icons-pack05\/icons\/fonts\/wb.eot?#iefix') format('embedded-opentype'), url('https:\/\/www.bam-service.com\/wp-content\/themes\/thefox\/includes\/4k-icons\/icons\/4k-icons-pack05\/icons\/fonts\/wb.woff') format('woff'), url('https:\/\/www.bam-service.com\/wp-content\/themes\/thefox\/includes\/4k-icons\/icons\/4k-icons-pack05\/icons\/fonts\/wb.ttf') format('truetype'), url('https:\/\/www.bam-service.com\/wp-content\/themes\/thefox\/includes\/4k-icons\/icons\/4k-icons-pack05\/icons\/fonts\/wb.svg#oi') format('svg'); font-weight: normal; font-style: normal;}#rand_56z82c182zb70z3pv8y2 .wb-circleselect:before{font-family: 'wb'; font-weight: normal; font-style: normal;}#rand_56z82c182zb70z3pv8y2 .wb-circleselect:before{content: \"\\f0d3\";}<\/style>\n<div id=\"rand_56z82c182zb70z3pv8y2\" class=\"icon_box_mi_b rda_pulse\"><i class=\"wb-circleselect\" style=\"color:#1e73be;\"><\/i><h3 style=\"color:#004896;\">W\u00e4hlen Sie<\/h3><p style=\"color:#002277\">We offer a choice of two user interfaces designed to support a wide array of business requirements.<\/p><\/div><style type=\"text\/css\" >#rand_g7zr5whbsjizrslbr0td {margin-top:0px; margin-bottom:0px; }<\/style><style type='text\/css'> @font-face{font-family: 'wb'; src:url('https:\/\/www.bam-service.com\/wp-content\/themes\/thefox\/includes\/4k-icons\/icons\/4k-icons-pack05\/icons\/fonts\/wb.eot'); src:url('https:\/\/www.bam-service.com\/wp-content\/themes\/thefox\/includes\/4k-icons\/icons\/4k-icons-pack05\/icons\/fonts\/wb.eot?#iefix') format('embedded-opentype'), url('https:\/\/www.bam-service.com\/wp-content\/themes\/thefox\/includes\/4k-icons\/icons\/4k-icons-pack05\/icons\/fonts\/wb.woff') format('woff'), url('https:\/\/www.bam-service.com\/wp-content\/themes\/thefox\/includes\/4k-icons\/icons\/4k-icons-pack05\/icons\/fonts\/wb.ttf') format('truetype'), url('https:\/\/www.bam-service.com\/wp-content\/themes\/thefox\/includes\/4k-icons\/icons\/4k-icons-pack05\/icons\/fonts\/wb.svg#oi') format('svg'); font-weight: normal; font-style: normal;}#rand_g7zr5whbsjizrslbr0td .wb-mailbox:before{font-family: 'wb'; font-weight: normal; font-style: normal;}#rand_g7zr5whbsjizrslbr0td .wb-mailbox:before{content: \"\\f044\";}<\/style>\n<div id=\"rand_g7zr5whbsjizrslbr0td\" class=\"icon_box_mi_b rda_pulse\"><i class=\"wb-mailbox\" style=\"color:#1e73be;\"><\/i><h3 style=\"color:#004896;\">Explore SquirrelMail<\/h3><p style=\"color:#002277\">SquirrelMail is a fast, uncluttered web interface for accessing e-mail on the go, without extra frills.<\/p><\/div><style type=\"text\/css\" >#rand_3a1xh6qfia9k0d7qd3e5 {margin-top:0px; margin-bottom:0px; }<\/style><style type='text\/css'> @font-face{font-family: 'lp'; src:url('https:\/\/www.bam-service.com\/wp-content\/themes\/thefox\/includes\/4k-icons\/icons\/4k-icons-pack03\/icons\/fonts\/lp.eot'); src:url('https:\/\/www.bam-service.com\/wp-content\/themes\/thefox\/includes\/4k-icons\/icons\/4k-icons-pack03\/icons\/fonts\/lp.eot?#iefix') format('embedded-opentype'), url('https:\/\/www.bam-service.com\/wp-content\/themes\/thefox\/includes\/4k-icons\/icons\/4k-icons-pack03\/icons\/fonts\/lp.woff') format('woff'), url('https:\/\/www.bam-service.com\/wp-content\/themes\/thefox\/includes\/4k-icons\/icons\/4k-icons-pack03\/icons\/fonts\/lp.ttf') format('truetype'), url('https:\/\/www.bam-service.com\/wp-content\/themes\/thefox\/includes\/4k-icons\/icons\/4k-icons-pack03\/icons\/fonts\/lp.svg#oi') format('svg'); font-weight: normal; font-style: normal;}#rand_3a1xh6qfia9k0d7qd3e5 .lp-cube:before{font-family: 'lp'; font-weight: normal; font-style: normal;}#rand_3a1xh6qfia9k0d7qd3e5 .lp-cube:before{content: \"\\e04c\";}<\/style>\n<div id=\"rand_3a1xh6qfia9k0d7qd3e5\" class=\"icon_box_mi_b rda_pulse\"><i class=\"lp-cube\" style=\"color:#1e73be;\"><\/i><h3 style=\"color:#004896;\">Explore RoundCube<\/h3><p style=\"color:#002277\">RoundCube is a deluxe web interface supporting multiple functions<\/p><\/div>\n\t\t<\/div> <\/div>\n\t<\/div> \n\t<div  class=\"vc_span6 wpb_column vc_column_container\"><div class=\"vc_column-inner\">\n\t\t<div class=\"wpb_wrapper\">\n\t\t\t<style type=\"text\/css\" >#rand_uqkvlsek1ihj8kyerz9d {margin-top:0px; margin-bottom:0px; }<\/style><style type=\"text\/css\" >#rand_uqkvlsek1ihj8kyerz9d {padding-left:0; padding-right:0; }<\/style><style type=\"text\/css\" >#rand_uqkvlsek1ihj8kyerz9d .icon_circle{color:#1e73be; }#rand_uqkvlsek1ihj8kyerz9d:hover .icon_circle i{color:#fff !important;}#rand_uqkvlsek1ihj8kyerz9d:hover .icon_circle{background:#1e73be !important; }<\/style> <style type='text\/css'> @font-face{font-family: 'wb'; src:url('https:\/\/www.bam-service.com\/wp-content\/themes\/thefox\/includes\/4k-icons\/icons\/4k-icons-pack05\/icons\/fonts\/wb.eot'); src:url('https:\/\/www.bam-service.com\/wp-content\/themes\/thefox\/includes\/4k-icons\/icons\/4k-icons-pack05\/icons\/fonts\/wb.eot?#iefix') format('embedded-opentype'), url('https:\/\/www.bam-service.com\/wp-content\/themes\/thefox\/includes\/4k-icons\/icons\/4k-icons-pack05\/icons\/fonts\/wb.woff') format('woff'), url('https:\/\/www.bam-service.com\/wp-content\/themes\/thefox\/includes\/4k-icons\/icons\/4k-icons-pack05\/icons\/fonts\/wb.ttf') format('truetype'), url('https:\/\/www.bam-service.com\/wp-content\/themes\/thefox\/includes\/4k-icons\/icons\/4k-icons-pack05\/icons\/fonts\/wb.svg#oi') format('svg'); font-weight: normal; font-style: normal;}#rand_uqkvlsek1ihj8kyerz9d .wb-mailbox:before{font-family: 'wb'; font-weight: normal; font-style: normal;}#rand_uqkvlsek1ihj8kyerz9d .wb-mailbox:before{content: \"\\f044\";}<\/style>\n<style type=\"text\/css\" >#rand_uqkvlsek1ihj8kyerz9d:hover .icon_circle{background:#1e73be !important;}#rand_uqkvlsek1ihj8kyerz9d:hover .icon_circle i{color:#fff !important;}#rand_uqkvlsek1ihj8kyerz9d:hover .icon_circle i:before{background:#dd9933;}#rand_uqkvlsek1ihj8kyerz9d:hover h3{color:#2d3e50 !important;}#rand_uqkvlsek1ihj8kyerz9d:hover p{color: !important;}#rand_uqkvlsek1ihj8kyerz9d:hover p{ color:;}<\/style> <a href=\"https:\/\/ssl.bam-service.de\/squirrelmail\/\" target=\"_blank\" ><div id=\"rand_uqkvlsek1ihj8kyerz9d\" class=\"icon_box2_bc\"><div class=\"icon_circle\"><i class=\"wb-mailbox\" ><\/i><\/div><h3 style=\"color:;\" > Explore SquirrelMail<\/h3><p style=\"color:;\" ><\/p><\/div><\/a><style type=\"text\/css\" >#rand_6mz2gc1401a1efjqcv3z {margin-top:0px; margin-bottom:0px; }<\/style><style type=\"text\/css\" >#rand_6mz2gc1401a1efjqcv3z {padding-left:0; padding-right:0; }<\/style><style type=\"text\/css\" >#rand_6mz2gc1401a1efjqcv3z .icon_circle{color:#1e73be; }#rand_6mz2gc1401a1efjqcv3z:hover .icon_circle i{color:#fff !important;}#rand_6mz2gc1401a1efjqcv3z:hover .icon_circle{background:#1e73be !important; }<\/style> <style type='text\/css'> @font-face{font-family: 'lp'; src:url('https:\/\/www.bam-service.com\/wp-content\/themes\/thefox\/includes\/4k-icons\/icons\/4k-icons-pack03\/icons\/fonts\/lp.eot'); src:url('https:\/\/www.bam-service.com\/wp-content\/themes\/thefox\/includes\/4k-icons\/icons\/4k-icons-pack03\/icons\/fonts\/lp.eot?#iefix') format('embedded-opentype'), url('https:\/\/www.bam-service.com\/wp-content\/themes\/thefox\/includes\/4k-icons\/icons\/4k-icons-pack03\/icons\/fonts\/lp.woff') format('woff'), url('https:\/\/www.bam-service.com\/wp-content\/themes\/thefox\/includes\/4k-icons\/icons\/4k-icons-pack03\/icons\/fonts\/lp.ttf') format('truetype'), url('https:\/\/www.bam-service.com\/wp-content\/themes\/thefox\/includes\/4k-icons\/icons\/4k-icons-pack03\/icons\/fonts\/lp.svg#oi') format('svg'); font-weight: normal; font-style: normal;}#rand_6mz2gc1401a1efjqcv3z .lp-cube:before{font-family: 'lp'; font-weight: normal; font-style: normal;}#rand_6mz2gc1401a1efjqcv3z .lp-cube:before{content: \"\\e04c\";}<\/style>\n<style type=\"text\/css\" >#rand_6mz2gc1401a1efjqcv3z:hover .icon_circle{background:#1e73be !important;}#rand_6mz2gc1401a1efjqcv3z:hover .icon_circle i{color:#fff !important;}#rand_6mz2gc1401a1efjqcv3z:hover .icon_circle i:before{background:#dd9933;}#rand_6mz2gc1401a1efjqcv3z:hover h3{color:#2d3e50 !important;}#rand_6mz2gc1401a1efjqcv3z:hover p{color: !important;}#rand_6mz2gc1401a1efjqcv3z:hover p{ color:;}<\/style> <a href=\"https:\/\/ssl.bam-service.de\/roundcubemail\/\" target=\"_blank\" ><div id=\"rand_6mz2gc1401a1efjqcv3z\" class=\"icon_box2_bc\"><div class=\"icon_circle\"><i class=\"lp-cube\" ><\/i><\/div><h3 style=\"color:;\" >Explore RoundCube<\/h3><p style=\"color:;\" ><\/p><\/div><\/a>\n\t\t<\/div> <\/div>\n\t<\/div> <\/div>\n<\/div>","protected":false},"excerpt":{"rendered":"<p>WebmailMit unserem Webmail Service k\u00f6nnen Sie sich von \u00fcberall auf der Welt in ihr pers\u00f6nliches E-Mail Postfach einloggen. W\u00e4hlen SieWir bieten\u00a0zwei verschiedene Benutzeroberfl\u00e4chen. W\u00e4hlen Sie selbst welche sie lieber verwenden wollen. SquirrelMailSquirrelMail ist ein schnelles und recht einfach gehaltenes Webinterface zum Zugriff Ihrer E-Mail ohne viel Schnickschnack. RoundCubeRoundCube ist ein modernes, schickes Webinterface mit vielen<br \/><a href=\"https:\/\/www.bam-service.com\/en\/service\/webmail\/\" class=\"more\">Read more<\/a><\/p>","protected":false},"author":1,"featured_media":0,"parent":201,"menu_order":1,"comment_status":"closed","ping_status":"closed","template":"","meta":{"footnotes":""},"class_list":["post-217","page","type-page","status-publish","hentry"],"_links":{"self":[{"href":"https:\/\/www.bam-service.com\/en\/wp-json\/wp\/v2\/pages\/217","targetHints":{"allow":["GET"]}}],"collection":[{"href":"https:\/\/www.bam-service.com\/en\/wp-json\/wp\/v2\/pages"}],"about":[{"href":"https:\/\/www.bam-service.com\/en\/wp-json\/wp\/v2\/types\/page"}],"author":[{"embeddable":true,"href":"https:\/\/www.bam-service.com\/en\/wp-json\/wp\/v2\/users\/1"}],"replies":[{"embeddable":true,"href":"https:\/\/www.bam-service.com\/en\/wp-json\/wp\/v2\/comments?post=217"}],"version-history":[{"count":10,"href":"https:\/\/www.bam-service.com\/en\/wp-json\/wp\/v2\/pages\/217\/revisions"}],"predecessor-version":[{"id":492,"href":"https:\/\/www.bam-service.com\/en\/wp-json\/wp\/v2\/pages\/217\/revisions\/492"}],"up":[{"embeddable":true,"href":"https:\/\/www.bam-service.com\/en\/wp-json\/wp\/v2\/pages\/201"}],"wp:attachment":[{"href":"https:\/\/www.bam-service.com\/en\/wp-json\/wp\/v2\/media?parent=217"}],"curies":[{"name":"wp","href":"https:\/\/api.w.org\/{rel}","templated":true}]}}