{"id":223,"date":"2016-10-09T05:54:50","date_gmt":"2016-10-09T03:54:50","guid":{"rendered":"http:\/\/www.BAM-Service.com\/?page_id=223"},"modified":"2026-02-04T12:44:45","modified_gmt":"2026-02-04T11:44:45","slug":"fernwartung","status":"publish","type":"page","link":"https:\/\/www.bam-service.com\/en\/service\/fernwartung\/","title":{"rendered":"Remote Maintenance"},"content":{"rendered":"<div class=\"wpb-content-wrapper\"><div   class=\"vc_row wpb_row vc_row-fluid\">\n\t<div  class=\"vc_span6 wpb_column vc_column_container\"><div class=\"vc_column-inner\">\n\t\t<div class=\"wpb_wrapper\">\n\t\t\t<style type=\"text\/css\" >#rand_5o1netrpn56a1g65xn2t {margin-top:0px; margin-bottom:0px; }<\/style><style type='text\/css'> @font-face{font-family: 'ls'; src:url('https:\/\/www.bam-service.com\/wp-content\/themes\/thefox\/includes\/4k-icons\/icons\/4k-icons-pack03\/icons\/fonts\/ls.eot'); src:url('https:\/\/www.bam-service.com\/wp-content\/themes\/thefox\/includes\/4k-icons\/icons\/4k-icons-pack03\/icons\/fonts\/ls.eot?#iefix') format('embedded-opentype'), url('https:\/\/www.bam-service.com\/wp-content\/themes\/thefox\/includes\/4k-icons\/icons\/4k-icons-pack03\/icons\/fonts\/ls.woff') format('woff'), url('https:\/\/www.bam-service.com\/wp-content\/themes\/thefox\/includes\/4k-icons\/icons\/4k-icons-pack03\/icons\/fonts\/ls.ttf') format('truetype'), url('https:\/\/www.bam-service.com\/wp-content\/themes\/thefox\/includes\/4k-icons\/icons\/4k-icons-pack03\/icons\/fonts\/ls.svg#oi') format('svg'); font-weight: normal; font-style: normal;}#rand_5o1netrpn56a1g65xn2t .ls-pc:before{font-family: 'ls'; font-weight: normal; font-style: normal;}#rand_5o1netrpn56a1g65xn2t .ls-pc:before{content: \"\\e87a\";}<\/style>\n<div id=\"rand_5o1netrpn56a1g65xn2t\" class=\"icon_box_mi_b rda_pulse\"><i class=\"ls-pc\" style=\"color:#1e73be;\"><\/i><h3 style=\"color:#004896;\">Remote Maintenance<\/h3><p style=\"color:#002277\">We support, advise and coach you to solve all your IT your problems. Our modern technology makes it possible to work easily and comfortably from different locations, as if we were sitting at a table.<\/p><\/div><style type=\"text\/css\" >#rand_wt0a1ewfzg169bmsvc09 {margin-top:0px; margin-bottom:0px; }<\/style><style type='text\/css'> @font-face{font-family: 'ion'; src:url('https:\/\/www.bam-service.com\/wp-content\/themes\/thefox\/includes\/4k-icons\/icons\/4k-icons-pack03\/icons\/fonts\/ion.eot'); src:url('https:\/\/www.bam-service.com\/wp-content\/themes\/thefox\/includes\/4k-icons\/icons\/4k-icons-pack03\/icons\/fonts\/ion.eot?#iefix') format('embedded-opentype'), url('https:\/\/www.bam-service.com\/wp-content\/themes\/thefox\/includes\/4k-icons\/icons\/4k-icons-pack03\/icons\/fonts\/ion.woff') format('woff'), url('https:\/\/www.bam-service.com\/wp-content\/themes\/thefox\/includes\/4k-icons\/icons\/4k-icons-pack03\/icons\/fonts\/ion.ttf') format('truetype'), url('https:\/\/www.bam-service.com\/wp-content\/themes\/thefox\/includes\/4k-icons\/icons\/4k-icons-pack03\/icons\/fonts\/ion.svg#oi') format('svg'); font-weight: normal; font-style: normal;}#rand_wt0a1ewfzg169bmsvc09 .ion-help-buoy:before{font-family: 'ion'; font-weight: normal; font-style: normal;}#rand_wt0a1ewfzg169bmsvc09 .ion-help-buoy:before{content: \"\\e8a4\";}<\/style>\n<div id=\"rand_wt0a1ewfzg169bmsvc09\" class=\"icon_box_mi_b rda_pulse\"><i class=\"ion-help-buoy\" style=\"color:#1e73be;\"><\/i><h3 style=\"color:#004896;\">Super Convenient<\/h3><p style=\"color:#002277\">We concentrate on the essentials without getting you tangled in complicated products you will never use. It\u2019s simple \u2014 we provide remote support without unnecessary travel costs. We do our work outside of normal office hours, with no down time for you.<br \/>\nEven better, our software is designed so that you can connect directly to other devices within seconds.<\/p><\/div><style type=\"text\/css\" >#rand_nar444uit7lh6ufehkv8 {margin-top:0px; margin-bottom:0px; }<\/style><style type='text\/css'> @font-face{font-family: 'imf'; src:url('https:\/\/www.bam-service.com\/wp-content\/themes\/thefox\/includes\/4k-icons\/icons\/4k-icons-pack03\/icons\/fonts\/imf.eot'); src:url('https:\/\/www.bam-service.com\/wp-content\/themes\/thefox\/includes\/4k-icons\/icons\/4k-icons-pack03\/icons\/fonts\/imf.eot?#iefix') format('embedded-opentype'), url('https:\/\/www.bam-service.com\/wp-content\/themes\/thefox\/includes\/4k-icons\/icons\/4k-icons-pack03\/icons\/fonts\/imf.woff') format('woff'), url('https:\/\/www.bam-service.com\/wp-content\/themes\/thefox\/includes\/4k-icons\/icons\/4k-icons-pack03\/icons\/fonts\/imf.ttf') format('truetype'), url('https:\/\/www.bam-service.com\/wp-content\/themes\/thefox\/includes\/4k-icons\/icons\/4k-icons-pack03\/icons\/fonts\/imf.svg#oi') format('svg'); font-weight: normal; font-style: normal;}#rand_nar444uit7lh6ufehkv8 .imf-mouse-2:before{font-family: 'imf'; font-weight: normal; font-style: normal;}#rand_nar444uit7lh6ufehkv8 .imf-mouse-2:before{content: \"\\e11b\";}<\/style>\n<div id=\"rand_nar444uit7lh6ufehkv8\" class=\"icon_box_mi_b rda_pulse\"><i class=\"imf-mouse-2\" style=\"color:#1e73be;\"><\/i><h3 style=\"color:#004896;\">Stable and safe<\/h3><p style=\"color:#002277\">We enable a safe, productive working environment. \nOur work complies with the highest safety standards.\nData, conversations and meetings are private and confidential.<br \/>\nDaten, Unterhaltungen und Meetings sind Privatsache und sollen es auch bleiben.<\/p><\/div>\n\t\t<\/div> <\/div>\n\t<\/div> \n\t<div  class=\"vc_span6 wpb_column vc_column_container\"><div class=\"vc_column-inner\">\n\t\t<div class=\"wpb_wrapper\">\n\t\t\t \n\t\t<\/div> <\/div>\n\t<\/div> <\/div>\n<\/div>","protected":false},"excerpt":{"rendered":"<p>FernwartungWir unterst\u00fctzen, helfen und interagieren mit Ihnen und helfen Ihnen Ihre Probleme zu l\u00f6sen. Unsere moderne Technologie erm\u00f6glicht es, ganz einfach und bequem von unterschiedlichen Standorten zu arbeiten, als s\u00e4\u00dfen wir an einem Tisch. KinderleichtWir konzentrieren uns\u00a0auf das Wesentliche und leisten Support aus der Ferne ohne unn\u00f6tige Anfahrtskosten und auch au\u00dferhalb der normalen B\u00fcrozeiten \u2013<br \/><a href=\"https:\/\/www.bam-service.com\/en\/service\/fernwartung\/\" class=\"more\">Read more<\/a><\/p>","protected":false},"author":1,"featured_media":0,"parent":201,"menu_order":3,"comment_status":"closed","ping_status":"closed","template":"","meta":{"footnotes":""},"class_list":["post-223","page","type-page","status-publish","hentry"],"_links":{"self":[{"href":"https:\/\/www.bam-service.com\/en\/wp-json\/wp\/v2\/pages\/223","targetHints":{"allow":["GET"]}}],"collection":[{"href":"https:\/\/www.bam-service.com\/en\/wp-json\/wp\/v2\/pages"}],"about":[{"href":"https:\/\/www.bam-service.com\/en\/wp-json\/wp\/v2\/types\/page"}],"author":[{"embeddable":true,"href":"https:\/\/www.bam-service.com\/en\/wp-json\/wp\/v2\/users\/1"}],"replies":[{"embeddable":true,"href":"https:\/\/www.bam-service.com\/en\/wp-json\/wp\/v2\/comments?post=223"}],"version-history":[{"count":18,"href":"https:\/\/www.bam-service.com\/en\/wp-json\/wp\/v2\/pages\/223\/revisions"}],"predecessor-version":[{"id":971,"href":"https:\/\/www.bam-service.com\/en\/wp-json\/wp\/v2\/pages\/223\/revisions\/971"}],"up":[{"embeddable":true,"href":"https:\/\/www.bam-service.com\/en\/wp-json\/wp\/v2\/pages\/201"}],"wp:attachment":[{"href":"https:\/\/www.bam-service.com\/en\/wp-json\/wp\/v2\/media?parent=223"}],"curies":[{"name":"wp","href":"https:\/\/api.w.org\/{rel}","templated":true}]}}