{"id":229,"date":"2016-10-09T05:58:27","date_gmt":"2016-10-09T03:58:27","guid":{"rendered":"http:\/\/www.BAM-Service.com\/?page_id=229"},"modified":"2026-02-04T11:14:11","modified_gmt":"2026-02-04T10:14:11","slug":"agb","status":"publish","type":"page","link":"https:\/\/www.bam-service.com\/en\/kunden\/agb\/","title":{"rendered":"Terms &amp; Conditions"},"content":{"rendered":"<div class=\"wpb-content-wrapper\"><div   class=\"vc_row wpb_row vc_row-fluid\">\n\t<div  class=\"vc_span12 wpb_column vc_column_container\"><div class=\"vc_column-inner\">\n\t\t<div class=\"wpb_wrapper\">\n\t\t\t\n\t<div class=\"wpb_text_column wpb_content_element   ct_wkylaej8wrosgiek4bpa\" >\n\t\t<div class=\"wpb_wrapper\" >\n\t\t\t<div align=\"center\">\n<h1>Terms &amp; Conditions<\/h1>\n<\/div>\n<div align=\"center\">Stand: 02.02.2026<\/div>\n<div align=\"left\">\n<h2><strong>\u00a71 Allgemeines<\/strong><\/h2>\n<p>Die folgenden Allgemeinen Gesch\u00e4ftsbedingungen (AGB) sind Bestandteil aller Vertr\u00e4ge mit BAM-Service UG (haftungsbeschr\u00e4nkt), nachfolgend Provider oder Verk\u00e4ufer genannt, in Ihrer zum Zeitpunkt der Bestellung g\u00fcltigen Fassung. Den aktuellen Stand finden Sie auf der Homepage des Providers (http:\/\/www.BAM-Service.com) oder erhalten Sie auf Anforderung. Sollte der Kunde\/K\u00e4ufer abweichende, individuelle Vorgaben w\u00fcnschen, so hat er diese in Textform mitzuteilen. Produktnamen, Produktabbildungen und Logos sind Eigentum der Hersteller und d\u00fcrfen ohne Genehmigung nicht verwendet werden.<\/p>\n<h2><strong> \u00a72 Widerrufsbelehrung f\u00fcr Verbraucher<\/strong><\/h2>\n<h3><strong>\u00a72.1 Geltungsbereich<\/strong><\/h3>\n<p>Das folgende Widerrufsrecht gilt nur f\u00fcr Verbraucher im Sinne des \u00a7 13 BGB (jede nat\u00fcrliche Person, die ein Rechtsgesch\u00e4ft zu Zwecken abschlie\u00dft, die \u00fcberwiegend weder ihrer gewerblichen noch ihrer selbst\u00e4ndigen beruflichen T\u00e4tigkeit zugerechnet werden k\u00f6nnen).<\/p>\n<h3><strong>\u00a72.2 A) Widerrufsbelehrung f\u00fcr die Lieferung von Waren<\/strong><\/h3>\n<h4><strong>\u00a72.2.1 A) Widerrufsrecht<\/strong><\/h4>\n<p>You have the right to cancel this contract within 14 days without providing an explanation. The cancellation period is fourteen days from the day on which you or a third party named by you, who is not the carrier, has taken possession of the goods.<\/p>\n<p>Um Ihr Widerrufsrecht auszu\u00fcben, m\u00fcssen Sie uns (BAM-Service UG (haftungsbeschr\u00e4nkt), Zerkaller Str. 1, 52385 Nideggen, Deutschland, E-Mail: Info@BAM-Service.com, Tel.: +49 (0) 2427 \/ 43495050) mittels einer eindeutigen Erkl\u00e4rung (z. B. ein mit der Post versandter Brief oder E-Mail) \u00fcber Ihren Entschluss, diesen Vertrag zu widerrufen, informieren. Sie k\u00f6nnen daf\u00fcr das beigef\u00fcgte Muster-Widerrufsformular verwenden, das jedoch nicht vorgeschrieben ist.<\/p>\n<p>Zur Wahrung der Widerrufsfrist reicht es aus, dass Sie die Mitteilung \u00fcber die Aus\u00fcbung des Widerrufsrechts vor Ablauf der Widerrufsfrist absenden.<\/p>\n<h4><strong>\u00a72.2.2 A) Folgen des Widerrufs<\/strong><\/h4>\n<p>Wenn Sie diesen Vertrag widerrufen, haben wir Ihnen alle Zahlungen, die wir von Ihnen erhalten haben, einschlie\u00dflich der Lieferkosten (mit Ausnahme der zus\u00e4tzlichen Kosten, die sich daraus ergeben, dass Sie eine andere Art der Lieferung als die von uns angebotene, g\u00fcnstigste Standardlieferung gew\u00e4hlt haben), unverz\u00fcglich und sp\u00e4testens binnen vierzehn Tagen ab dem Tag zur\u00fcckzuzahlen, an dem die Mitteilung \u00fcber Ihren Widerruf dieses Vertrags bei uns eingegangen ist. F\u00fcr diese R\u00fcckzahlung verwenden wir dasselbe Zahlungsmittel, das Sie bei der urspr\u00fcnglichen Transaktion eingesetzt haben, es sei denn, mit Ihnen wurde ausdr\u00fccklich etwas anderes vereinbart; in keinem Fall werden Ihnen wegen dieser R\u00fcckzahlung Entgelte berechnet.<\/p>\n<p>Wir k\u00f6nnen die R\u00fcckzahlung verweigern, bis wir die Waren wieder zur\u00fcckerhalten haben oder bis Sie den Nachweis erbracht haben, dass Sie die Waren zur\u00fcckgesandt haben, je nachdem, welches der fr\u00fchere Zeitpunkt ist.<\/p>\n<p>Sie haben die Waren unverz\u00fcglich und in jedem Fall sp\u00e4testens binnen vierzehn Tagen ab dem Tag, an dem Sie uns \u00fcber den Widerruf dieses Vertrags unterrichten, an uns zur\u00fcckzusenden oder zu \u00fcbergeben. Die Frist ist gewahrt, wenn Sie die Waren vor Ablauf der Frist von vierzehn Tagen absenden. Sie tragen die unmittelbaren Kosten der R\u00fccksendung der Waren. Sie m\u00fcssen f\u00fcr einen etwaigen Wertverlust der Waren nur aufkommen, wenn dieser Wertverlust auf einen zur Pr\u00fcfung der Beschaffenheit, Eigenschaften und Funktionsweise der Waren nicht notwendigen Umgang mit ihnen zur\u00fcckzuf\u00fchren ist.<\/p>\n<h3><strong>\u00a72.2 B) Widerrufsbelehrung f\u00fcr Dienstleistungen und digitale Inhalte<\/strong><\/h3>\n<h4><strong>\u00a72.2.1 B) Widerrufsrecht<\/strong><\/h4>\n<p>Sie haben das Recht, binnen vierzehn Tagen ohne Angabe von Gr\u00fcnden diesen Vertrag zu widerrufen. Die Widerrufsfrist betr\u00e4gt vierzehn Tage ab dem Tag des Vertragsabschlusses.<\/p>\n<p>Um Ihr Widerrufsrecht auszu\u00fcben, m\u00fcssen Sie uns (BAM-Service UG (haftungsbeschr\u00e4nkt), Zerkaller Str. 1, 52385 Nideggen, Deutschland, E-Mail: Info@BAM-Service.com, Tel.: +49 (0) 2427 \/ 43495050) mittels einer eindeutigen Erkl\u00e4rung (z. B. ein mit der Post versandter Brief oder E-Mail) \u00fcber Ihren Entschluss, diesen Vertrag zu widerrufen, informieren.<\/p>\n<p>Zur Wahrung der Widerrufsfrist reicht es aus, dass Sie die Mitteilung \u00fcber die Aus\u00fcbung des Widerrufsrechts vor Ablauf der Widerrufsfrist absenden.<\/p>\n<h4><strong>\u00a72.2.2 B) Folgen des Widerrufs<\/strong><\/h4>\n<p>Wenn Sie diesen Vertrag widerrufen, haben wir Ihnen alle Zahlungen, die wir von Ihnen erhalten haben, einschlie\u00dflich der Lieferkosten, unverz\u00fcglich und sp\u00e4testens binnen vierzehn Tagen ab dem Tag zur\u00fcckzuzahlen, an dem die Mitteilung \u00fcber Ihren Widerruf dieses Vertrags bei uns eingegangen ist. F\u00fcr diese R\u00fcckzahlung verwenden wir dasselbe Zahlungsmittel, das Sie bei der urspr\u00fcnglichen Transaktion eingesetzt haben, es sei denn, mit Ihnen wurde ausdr\u00fccklich etwas anderes vereinbart; in keinem Fall werden Ihnen wegen dieser R\u00fcckzahlung Entgelte berechnet.<\/p>\n<p>Haben Sie verlangt, dass die Dienstleistungen w\u00e4hrend der Widerrufsfrist beginnen soll, so haben Sie uns einen angemessenen Betrag zu zahlen, der dem Anteil der bis zu dem Zeitpunkt, zu dem Sie uns von der Aus\u00fcbung des Widerrufsrechts hinsichtlich dieses Vertrags unterrichten, bereits erbrachten Dienstleistungen im Vergleich zum Gesamtumfang der im Vertrag vorgesehenen Dienstleistungen entspricht.<\/p>\n<h4><strong>\u00a72.2.3 B) Erl\u00f6schen des Widerrufsrechts<\/strong><\/h4>\n<p>Das Widerrufsrecht erlischt bei einem Vertrag zur Erbringung von Dienstleistungen auch dann, wenn wir die Dienstleistung vollst\u00e4ndig erbracht haben und mit der Ausf\u00fchrung der Dienstleistung erst begonnen haben, nachdem Sie dazu Ihre ausdr\u00fcckliche Zustimmung gegeben haben und gleichzeitig Ihre Kenntnis davon best\u00e4tigt haben, dass Sie Ihr Widerrufsrecht bei vollst\u00e4ndiger Vertragserf\u00fcllung durch uns verlieren.<\/p>\n<h3><strong> \u00a72.3 Muster-Widerrufsformular<\/strong><\/h3>\n<p><a href=\"https:\/\/www.bam-service.com\/pdf\/widerrufsformular.pdf\">Download the cancellation form as a PDF<\/a><\/p>\n<p>End of revocation<\/p>\n<h2><strong> \u00a73 Zahlungsbedingungen<\/strong><\/h2>\n<h3><strong>\u00a73.1 Bankeinzug, Vorauskasse, PayPal, Kreditkarte<\/strong><\/h3>\n<p>Die Bezahlung von Waren und Dienstleistungen erfolgt per Bankeinzug, \u00dcberweisung, Vorkasse, PayPal oder Kreditkarte. Beh\u00f6rden, \u00f6ffentliche Haushalte und Gro\u00dffirmen werden gegen Rechnung beliefert. Zahlbar sofort ohne Abzug bei Hardware-Verkauf, Projektdienstleistungen 50% Anzahlung und 50% bei Abnahme.<\/p>\n<h3><strong>\u00a73.2 Zahlungsverzug<\/strong><\/h3>\n<p>If you default on your payment, we reserve the right to charge you default interest at a rate of 5% above the respective base rate of the European Central Bank. In the B2B area, the statutory default interest applies.<\/p>\n<h2><strong> \u00a74 Datenschutz<\/strong><\/h2>\n<p>Die Datenverarbeitung erfolgt nach Ma\u00dfgabe unserer Datenschutzerkl\u00e4rung.<\/p>\n<h2><strong> \u00a75 Eigentumsvorbehalt<\/strong><\/h2>\n<p>We reserve title to the delivered item until all claims from the delivery contract have been paid in full by the customer. We are entitled to recover the purchased item if the buyer behaves contrary to the contract.<\/p>\n<h3><strong>\u00a75.1 Verpflichtung des K\u00e4ufers<\/strong><\/h3>\n<p>As long as ownership has not yet passed to the buyer, they are obliged to treat the purchased item with care. In particular, the buyer is obliged to insure high-value goods at their own expense against theft, fire and water damage at replacement value. If maintenance and inspection work must be undertaken, the buyer must carry this out in a timely fashion at their own expense. As long as ownership has not yet passed to the buyer, the buyer must notify BAM-Service UG immediately in writing if the delivered item is seized or exposed to other interventions by third parties. If the third party is unable to reimburse us for the judicial and extrajudicial costs of a lawsuit in accordance with Section 771 ZPO, the buyer is liable for the losses we incur.<\/p>\n<h3><strong>\u00a75.2 Weiterver\u00e4u\u00dferung<\/strong><\/h3>\n<p>The buyer is entitled to resell the reserved goods in the normal course of business. The purchaser hereby assigns the purchaser's claims from the resale of the reserved goods to us in the amount of the final invoice amount agreed with us (including VAT). This assignment applies regardless of whether the purchased item has been resold without or after processing. The buyer remains authorized to collect the claim even after the assignment. Our authorization to collect the claim ourselves remains unaffected. However, we will not collect the claim as long as the buyer meets his payment obligations from the proceeds received, is not in default of payment, and in particular, no application has been made to open insolvency proceedings or suspend payments.<\/p>\n<h2><strong> \u00a76 Providerleistungen<\/strong><\/h2>\n<p>The provider operates their own web server, which remains connected to the Internet at all times. The seller provides the customer with storage space on the seller\u2019s computers for their own purposes. The information stored on the server can be queried worldwide via the Internet. Constant availability of the services cannot be guaranteed. The provider assumes an annual average of 95% availability of its services. This does not apply to times in which the web server cannot be reached via the Internet due to technical or other problems that are beyond the provider's control (force majeure, fault of third parties, etc.).<\/p>\n<p>To generate statistics, log files are stored on the customer's virtual server. The log files consume part of the available storage space and can therefore be deleted by the provider at appropriate intervals to be determined by the provider. The customer can call up the log files from the server if necessary. The provider evaluates the log files only for the purpose of providing the customer with centrally prepared and condensed statistics based on customer information. Any further storage and use by the provider are excluded.<\/p>\n<h3><strong>\u00a76.1 Supportleistungen<\/strong><\/h3>\n<p>Our monthly rental price for web storage space includes support via email and telephone for the services that the customer receives from the provider. There is no free support available for programming, application software, training courses and the like.<\/p>\n<h3><strong>\u00a76.2 Dauer der Vertr\u00e4ge und K\u00fcndigungsfristen<\/strong><\/h3>\n<p>Der Vertrag wird auf unbestimmte Zeit geschlossen. Der Kunde ist berechtigt, den Vertrag mit einer K\u00fcndigungsfrist von 4 Wochen zum Monatsende nach einer Mindestlaufzeit von 1 Monat zu k\u00fcndigen. Der Provider ist ebenso berechtigt, den Vertrag mit einer Frist von 4 Wochen zu k\u00fcndigen. Unber\u00fchrt bleibt das Recht der Parteien zur K\u00fcndigung aus wichtigem Grund. K\u00fcndigungen bed\u00fcrfen zu ihrer Wirksamkeit der Textform. Ein Tarifwechsel ist zu jedem Monatsersten m\u00f6glich. Preis\u00e4nderungen werden sp\u00e4testens 2 Monate vor Inkrafttreten per Email mitgeteilt. Preis\u00e4nderungen ben\u00f6tigen die aktive Zustimmung des Kunden. Verg\u00fcnstigungen werden sofort eingerichtet.<\/p>\n<h3><strong>\u00a76.3 Verpflichtungen des Kunden<\/strong><\/h3>\n<p>The customer guarantees that the content stored on the server does not violate applicable law. The customer also undertakes not to use the provider's services to store or distribute obscene, pornographic, racist, threatening or defamatory material. The customer will not infringe any trademark, patent or other rights of third parties (including the domain name). The customer is prohibited from storing illegal software (pirated copies), so-called crack programs, illegal audio \/ video files and accumulations of serial numbers on the provider's servers. The customer also undertakes to take the cultural and religious concerns of other participants into consideration and not to disseminate any illegal statements, in particular not to insult or threaten them, to persecute someone because of their race, political or other opinion, gender or any other reason, or to persecute them, either in words, pictures or other means of representation. Violations will lead to the termination of the contract without notice, and to the immediate blocking or deletion of the service package. Any claims for damages are at the expense of the customer.<\/p>\n<p>The above provisions apply to references (hyperlinks)made by the customer to third-party content. If a customer violates these conditions, the provider is entitled to terminate the contractual relationship without notice.<\/p>\n<p>In addition, the provider reserves the right to block content that could impair the normal operating behavior, the security of the server or prevent its operation. This applies in particular to CGI program modules that are not kept in the provider's program library. The customer is aware that all participants in the transmission path of the Internet generally have the opportunity to gain knowledge of the data being transmitted without authorization. The customer accepts this risk.<\/p>\n<p>The customer undertakes to store the personal password for his access ID carefully, to protect it from third-party access and to protect it from misuse and loss. Furthermore, the customer must change the automatically assigned password as soon as practicable upon first connecting to the server. The customer is also responsible for charges that other persons, authorized or unauthorized, cause via his access code, unless the customer is not responsible for this. The customer must prove that they are not responsible for this.<\/p>\n<h3><strong>\u00a76.4 Domainname und Markenschutz<\/strong><\/h3>\n<p>Die Pr\u00fcfung, ob ein gew\u00fcnschter Domainname noch frei ist, kann systembedingt nur unverbindlich geschehen. Der Provider \u00fcbernimmt keine Garantie f\u00fcr eine Zuteilung. Bedingt durch die Bearbeitungszeit von mehreren Tagen, auf die der Provider keinen Einfluss hat, kann eine Vergabe an eine dritte Partei durch die zust\u00e4ndige NIC nicht ausgeschlossen werden. Die durch einen fehlgeschlagenen Anmeldeversuch verursachten Kosten gehen zu Lasten des Kunden. Falls nicht anders vereinbart, erfolgt die Anmeldung als \u201e.de\u201c-Domain.<\/p>\n<p>Die Betreuung s\u00e4mtlicher Domains unterliegt den jeweils g\u00fcltigen Richtlinien der Vergabestellen, z.B. der DENIC f\u00fcr \u201e.de\u201c-Dom\u00e4nen. Sollten sich diese Richtlinien \u00e4ndern oder sollten sich die Rahmenbedingungen f\u00fcr die Registrierung und Aufrechterhaltung von Domains aus anderen Gr\u00fcnden ver\u00e4ndern, sind der Provider und der Kunde bereit, ihr Vertragsverh\u00e4ltnis entsprechend anzupassen.<\/p>\n<p>If the contractual relationship is terminated, the provider will delete the domain names assigned to the contractual relationship. If domains are to be continued with another internet service provider, the provider will not obstruct the transfer. Conversely, it is also possible to incorporate existing domains into the contractual relationship with the provider. However, the provider does not guarantee a successful re-registration if the third-party provider does not approve. The customer is liable for all unsuccessful registration attempts.<\/p>\n<p>Der Kunde versichert, dass nach seinem besten Wissen durch Registrierung bzw. Konnektierung der Domainnamen und die Ladung seiner Seiten ins Internet keine Rechte Dritter verletzt und keine gesetzwidrigen Zwecke verfolgt werden. Der Kunde erkennt an, dass er f\u00fcr die Wahl der Domainnamen allein verantwortlich ist und erkl\u00e4rt sich bereit, den Provider von s\u00e4mtlichen Schadenersatzanspr\u00fcchen Dritter im Zusammenhang mit der Domainnamen-Registrierung bzw. Konnektierung freizustellen. Sollte der Kunde von dritter Seite aufgefordert werden, eine Internet-Domain aufzugeben, weil sie angeblich fremde Rechte verletzt, wird er den Provider hiervon unverz\u00fcglich unterrichten. Der Provider ist in einem solchen Fall berechtigt im Namen des Kunden auf die Internet-Domain zu verzichten, falls der Kunde nicht sofort Sicherheit f\u00fcr etwaige Prozess- und Anwaltskosten stellt.<\/p>\n<h3><strong>\u00a76.5 Unaufgeforderte Werbung per Email, Werbung in Newsgroups<\/strong><\/h3>\n<p>If the customer uses their account to send advertising emails without being asked to do so by the email recipient, the provider has the right to block the customer's account for an indefinite period. The same applies to the case of advertising postings in newsgroups.<\/p>\n<h3><strong>\u00a76.6 Haftung<\/strong><\/h3>\n<p>Der Provider haftet unbeschr\u00e4nkt f\u00fcr Sch\u00e4den aus der Verletzung des Lebens, des K\u00f6rpers oder der Gesundheit, die auf einer vors\u00e4tzlichen oder fahrl\u00e4ssigen Pflichtverletzung des Providers, seiner gesetzlichen Vertreter oder Erf\u00fcllungsgehilfen beruhen. Des Weiteren haftet er unbeschr\u00e4nkt f\u00fcr sonstige Sch\u00e4den, die auf einer vors\u00e4tzlichen oder grob fahrl\u00e4ssigen Pflichtverletzung beruhen.<\/p>\n<p>F\u00fcr leichte Fahrl\u00e4ssigkeit haftet der Provider nur, sofern eine Pflicht verletzt wird, deren Einhaltung f\u00fcr die Erreichung des Vertragszwecks von besonderer Bedeutung ist (Kardinalpflicht). In diesem Fall ist die Haftung auf den vertragstypischen, vorhersehbaren Schaden begrenzt.<\/p>\n<p>Die Haftung nach dem Produkthaftungsgesetz bleibt unber\u00fchrt.<\/p>\n<p>F\u00fcr den Verlust von Daten haftet der Provider nur insoweit, als der Kunde seine Daten in anwendungsad\u00e4quaten Intervallen gesichert hat (Backup-Pflicht des Kunden) und diese Daten mit vertretbarem Aufwand wiederherstellbar sind, es sei denn, der Provider hat die Datensicherung vertraglich als Hauptleistung \u00fcbernommen.<\/p>\n<h2><strong> \u00a77 Mitwirkungspflichten des Kunden<\/strong><\/h2>\n<p>Der Kunde unterst\u00fctzt den Provider bei der Erbringung der vertraglichen Leistungen, indem er ihm alle erforderlichen Informationen, Daten, Texte und Bilder fristgerecht und in digitaler Form zur Verf\u00fcgung stellt.<\/p>\n<p>Kommt der Kunde seinen Mitwirkungspflichten auch nach angemessener Fristsetzung nicht nach, so ist der Provider berechtigt, den Vertrag zu k\u00fcndigen und die bis dahin erbrachten Leistungen sowie den entgangenen Gewinn in Rechnung zu stellen (\u00a7 642 BGB).<\/p>\n<p>Der Provider ist nicht verpflichtet, die vom Kunden gelieferten Inhalte (Texte, Bilder, Grafiken) auf m\u00f6gliche Rechtsverst\u00f6\u00dfe (z.B. Urheberrechtsverletzungen) zu pr\u00fcfen.<\/p>\n<h2><strong> \u00a78 Abnahme und Fertigstellung<\/strong><\/h2>\n<p>Nach Fertigstellung der vereinbarten Leistungen (z.B. Erstellung einer Website, Programmierung von Software) wird der Provider den Kunden zur Abnahme auffordern.<\/p>\n<p>Die Abnahme gilt als erteilt, wenn:<\/p>\n<p>a) der Kunde die Abnahme ausdr\u00fccklich erkl\u00e4rt (z.B. per E-Mail),<\/p>\n<p>b) der Kunde die erstellte Website oder Software operativ nutzt (z.B. die Website \u00f6ffentlich schaltet) oder<\/p>\n<p>c) der Kunde innerhalb einer Frist von 14 Tagen nach Aufforderung zur Abnahme keine wesentlichen M\u00e4ngel in Textform r\u00fcgt.<\/p>\n<p>Wegen unwesentlicher M\u00e4ngel darf die Abnahme nicht verweigert werden. Diese M\u00e4ngel sind im Rahmen der M\u00e4ngelbeseitigung zu beheben.<\/p>\n<p>Kommt der Kunde seiner Mitwirkungspflicht zur Abnahme trotz Mahnung und Fristsetzung nicht nach, so gilt die Leistung des Providers als vertragsgem\u00e4\u00df erbracht und abgenommen.<\/p>\n<h2><strong> \u00a79 M\u00e4ngelhaftung (Gew\u00e4hrleistung)<\/strong><\/h2>\n<p>Ist die Kaufsache mangelhaft, gelten die Vorschriften der gesetzlichen M\u00e4ngelhaftung.<\/p>\n<p>Der Kunde wird gebeten, angelieferte Waren mit offensichtlichen Transportsch\u00e4den bei dem Zusteller zu reklamieren und den Verk\u00e4ufer hiervon in Kenntnis zu setzen. Kommt der Kunde dem nicht nach, hat dies keinerlei Auswirkungen auf seine gesetzlichen oder vertraglichen M\u00e4ngelanspr\u00fcche.<\/p>\n<h2><strong> \u00a710 Software\/Lizenzen\/Literatur<\/strong><\/h2>\n<p>In vielen F\u00e4llen gelten bei bestimmten Artikeln (z.B. Software) \u00fcber unsere Bedingungen hinausgehende Lizenzbestimmungen des Herstellers. Mit dem \u00d6ffnen der versiegelten Verpackung bzw. Ingebrauchnahme erkennen Sie diese Bedingungen an und haften bei Versto\u00df f\u00fcr den daraus entstandenen Schaden.<\/p>\n<h2><strong> \u00a711 Rechtsbeziehungen und Verschiedenes<\/strong><\/h2>\n<h3><strong>\u00a711.1 Rechtsbeziehungen<\/strong><\/h3>\n<p>The law of the Federal Republic of Germany applies to all legal relationships between the parties, excluding laws governing the international purchase of movable goods. In the case of consumers, this choice of law only applies insofar as the protection granted by mandatory provisions of the law of the state\/nation in which the consumer has their habitual residence is not withdrawn.<\/p>\n<h3><strong>\u00a711.2 Gerichtsstand<\/strong><\/h3>\n<p>If the customer acts as a merchant, legal entity under public law or special fund under public law domiciled in the territory of the Federal Republic of Germany, the exclusive place of jurisdiction for all disputes arising from this contract is the place of business of the seller. If the contract or claims from the contract can be attributed to the customer's professional or commercial activity, and if the customer is based outside the territory of the Federal Republic of Germany, the seller's place of business is the exclusive place of jurisdiction for all disputes arising from this contract. In the above cases, however, the seller is entitled to contact the court within the state in which the customer is domiciled or has a registered office.<\/p>\n<h3><strong>\u00a711.3 Vertragssprache<\/strong><\/h3>\n<p>The language used in all of our contracts is German.<\/p>\n<h3><strong>11.4 Verschiedenes<\/strong><\/h3>\n<p>Nebenabreden werden nur wirksam, wenn sie in Textform niedergelegt sind. Sollten einzelne Bestimmungen unwirksam sein, bleibt der Vertrag im \u00dcbrigen wirksam. Es gilt deutsches Recht.<\/p>\n<p>End of the general terms and conditions.<\/p>\n<\/div>\n\n\t\t<\/div> \n\t<\/div> \n\t\t<\/div> <\/div>\n\t<\/div> <\/div>\n<\/div>","protected":false},"excerpt":{"rendered":"<p>Allgemeinen Gesch\u00e4ftsbedingungen (AGB) Stand: 02.02.2026 \u00a71 Allgemeines Die folgenden Allgemeinen Gesch\u00e4ftsbedingungen (AGB) sind Bestandteil aller Vertr\u00e4ge mit BAM-Service UG (haftungsbeschr\u00e4nkt), nachfolgend Provider oder Verk\u00e4ufer genannt, in Ihrer zum Zeitpunkt der Bestellung g\u00fcltigen Fassung. Den aktuellen Stand finden Sie auf der Homepage des Providers (http:\/\/www.BAM-Service.com) oder erhalten Sie auf Anforderung. Sollte der Kunde\/K\u00e4ufer abweichende, individuelle Vorgaben<br \/><a href=\"https:\/\/www.bam-service.com\/en\/kunden\/agb\/\" class=\"more\">Read more<\/a><\/p>","protected":false},"author":1,"featured_media":0,"parent":204,"menu_order":6,"comment_status":"closed","ping_status":"closed","template":"","meta":{"footnotes":""},"class_list":["post-229","page","type-page","status-publish","hentry"],"_links":{"self":[{"href":"https:\/\/www.bam-service.com\/en\/wp-json\/wp\/v2\/pages\/229","targetHints":{"allow":["GET"]}}],"collection":[{"href":"https:\/\/www.bam-service.com\/en\/wp-json\/wp\/v2\/pages"}],"about":[{"href":"https:\/\/www.bam-service.com\/en\/wp-json\/wp\/v2\/types\/page"}],"author":[{"embeddable":true,"href":"https:\/\/www.bam-service.com\/en\/wp-json\/wp\/v2\/users\/1"}],"replies":[{"embeddable":true,"href":"https:\/\/www.bam-service.com\/en\/wp-json\/wp\/v2\/comments?post=229"}],"version-history":[{"count":22,"href":"https:\/\/www.bam-service.com\/en\/wp-json\/wp\/v2\/pages\/229\/revisions"}],"predecessor-version":[{"id":968,"href":"https:\/\/www.bam-service.com\/en\/wp-json\/wp\/v2\/pages\/229\/revisions\/968"}],"up":[{"embeddable":true,"href":"https:\/\/www.bam-service.com\/en\/wp-json\/wp\/v2\/pages\/204"}],"wp:attachment":[{"href":"https:\/\/www.bam-service.com\/en\/wp-json\/wp\/v2\/media?parent=229"}],"curies":[{"name":"wp","href":"https:\/\/api.w.org\/{rel}","templated":true}]}}