{"id":252,"date":"2016-10-09T10:26:18","date_gmt":"2016-10-09T08:26:18","guid":{"rendered":"http:\/\/www.BAM-Service.com\/?page_id=252"},"modified":"2025-08-01T13:18:14","modified_gmt":"2025-08-01T11:18:14","slug":"impressum","status":"publish","type":"page","link":"https:\/\/www.bam-service.com\/en\/kontakt\/impressum\/","title":{"rendered":"Imprint"},"content":{"rendered":"<div class=\"wpb-content-wrapper\"><div   class=\"vc_row wpb_row vc_row-fluid\">\n\t<div  class=\"vc_span12 wpb_column vc_column_container\"><div class=\"vc_column-inner\">\n\t\t<div class=\"wpb_wrapper\">\n\t\t\t\n\t<div class=\"wpb_text_column wpb_content_element   ct_rz8g09030sii3cn1rboo\" >\n\t\t<div class=\"wpb_wrapper\" >\n\t\t\t<h3>According to \u00a7 5 TMG<\/h3>\n<p><strong>BAM-Service UG (haftungsbeschr\u00e4nkt)<\/strong><br \/>\nZerkaller Str. 1<br \/>\n52385 Nideggen<br \/>\nGermany<\/p>\n<h3>Contact<\/h3>\n<p>T: +49 (0) 2427 4349 5050<\/p>\n<p>E: info@BAM-Service.com<br \/>\nW: www.BAM-Service.com<br \/>\n<strong>Authorised representative<\/strong><\/p>\n<p>Mr Bernhard Nie\u00dfen<\/p>\n<p>&nbsp;<\/p>\n<h3>Registry entry<\/h3>\n<p>Registration in the commercial register.<br \/>\n<b>District court: <\/b>D\u00fcren<br \/>\n<b>Registration number: <\/b>HRB 6963<\/p>\n<h3>Tax ID numbers:<\/h3>\n<p>Sales tax identification numbers are presented here according to \u00a727 sales tax law:<br \/>\n<b>USt-IdNo.:<\/b> DE264408844<br \/>\n<b>Tax number:<\/b> 207\/5703\/1312<\/p>\n<p><strong>Press law responsibility:<\/strong><\/p>\n<p>Mr Bernhard Nie\u00dfen<\/p>\n\n\t\t<\/div> \n\t<\/div> \n\t<div class=\"wpb_text_column wpb_content_element   ct_74ajn949gxf0u027tqgf\" >\n\t\t<div class=\"wpb_wrapper\" >\n\t\t\t<h3>Competent chamber:<\/h3>\n<p>Aachen Chamber of Commerce and Industry<\/p>\n<p>http:\/\/www.aachen.ihk.de\/<\/p>\n<p>Theaterstrasse 6\u201310<br \/>\n52062 Aachen, Germany<br \/>\nT: +49 241 4460 0<\/p>\n<p>F: +49 241 4460 259<br \/>\nE: info@aachen.ihk.de<\/p>\n\n\t\t<\/div> \n\t<\/div> \n\t<div class=\"wpb_text_column wpb_content_element   ct_4sex63xg7w0nofsy5p8a\" >\n\t\t<div class=\"wpb_wrapper\" >\n\t\t\t<p>Source: <em><a href=\"http:\/\/www.e-recht24.de\/\">http:\/\/www.e-recht24.de<\/a><\/em><\/p>\n\n\t\t<\/div> \n\t<\/div> \n\t\t<\/div> <\/div>\n\t<\/div> <\/div>\n<\/div>","protected":false},"excerpt":{"rendered":"<p>Angaben gem\u00e4\u00df \u00a7 5 TMG BAM-Service UG (haftungsbeschr\u00e4nkt) Zerkaller Str. 1 52385 Nideggen Deutschland Kontakt Tel.: +49 (0) 2427 \/ 43495050 E-Mail: Info@BAM-Service.com Internet: www.BAM-Service.com Vertretungsberechtigter Gesch\u00e4ftsf\u00fchrer: Herr Bernhard Nie\u00dfen &nbsp; Registereintrag: Eintragung im Handelsregister. Amtsgericht: D\u00fcren Registernummer: HRB 6963 Umsatzsteuer-ID: Umsatzsteuer-Identifikationsnummer gem\u00e4\u00df \u00a727 a Umsatzsteuergesetz: USt-IdNr.: DE264408844 Steuernummer: 207\/5703\/1312 Verantwortlicher i.S.d. Presserechts: Herr Bernhard<br \/><a href=\"https:\/\/www.bam-service.com\/en\/kontakt\/impressum\/\" class=\"more\">Read more<\/a><\/p>","protected":false},"author":1,"featured_media":0,"parent":247,"menu_order":2,"comment_status":"closed","ping_status":"closed","template":"","meta":{"footnotes":""},"class_list":["post-252","page","type-page","status-publish","hentry"],"_links":{"self":[{"href":"https:\/\/www.bam-service.com\/en\/wp-json\/wp\/v2\/pages\/252","targetHints":{"allow":["GET"]}}],"collection":[{"href":"https:\/\/www.bam-service.com\/en\/wp-json\/wp\/v2\/pages"}],"about":[{"href":"https:\/\/www.bam-service.com\/en\/wp-json\/wp\/v2\/types\/page"}],"author":[{"embeddable":true,"href":"https:\/\/www.bam-service.com\/en\/wp-json\/wp\/v2\/users\/1"}],"replies":[{"embeddable":true,"href":"https:\/\/www.bam-service.com\/en\/wp-json\/wp\/v2\/comments?post=252"}],"version-history":[{"count":13,"href":"https:\/\/www.bam-service.com\/en\/wp-json\/wp\/v2\/pages\/252\/revisions"}],"predecessor-version":[{"id":951,"href":"https:\/\/www.bam-service.com\/en\/wp-json\/wp\/v2\/pages\/252\/revisions\/951"}],"up":[{"embeddable":true,"href":"https:\/\/www.bam-service.com\/en\/wp-json\/wp\/v2\/pages\/247"}],"wp:attachment":[{"href":"https:\/\/www.bam-service.com\/en\/wp-json\/wp\/v2\/media?parent=252"}],"curies":[{"name":"wp","href":"https:\/\/api.w.org\/{rel}","templated":true}]}}