{"id":464,"date":"2017-02-19T06:29:54","date_gmt":"2017-02-19T05:29:54","guid":{"rendered":"https:\/\/www.bam-service.com\/?page_id=464"},"modified":"2017-02-22T08:16:21","modified_gmt":"2017-02-22T07:16:21","slug":"mailboxlogin","status":"publish","type":"page","link":"https:\/\/www.bam-service.com\/en\/kunden\/mailboxlogin\/","title":{"rendered":"Mailbox Portal"},"content":{"rendered":"<div class=\"wpb-content-wrapper\"><div   class=\"vc_row wpb_row vc_row-fluid\">\n\t<div  class=\"vc_span6 wpb_column vc_column_container\"><div class=\"vc_column-inner\">\n\t\t<div class=\"wpb_wrapper\">\n\t\t\t\n\t<div class=\"wpb_text_column wpb_content_element   ct_bnnv64un5cuulzicfpu9\" >\n\t\t<div class=\"wpb_wrapper\" >\n\t\t\t<table border=\"0\" width=\"95%\" cellspacing=\"0\" cellpadding=\"0\">\n<tbody>\n<tr>\n<td>\n<div align=\"center\">\n<p style=\"text-align: left;\">At BAM-Service, we use <a title=\"PD-Admin\" href=\"http:\/\/www.pd-admin.de\/\" target=\"_blank\">PD-Admin<\/a> with a powerful web interface.<\/p>\n<p style=\"text-align: left;\">Choose from several flexible options:<\/p>\n<\/div>\n<\/td>\n<\/tr>\n<\/tbody>\n<\/table>\n\n\t\t<\/div> \n\t<\/div> \n<!-- lists --><div class=\"rd_list_1_alt rd_list_left\"><style type='text\/css'> @font-face{font-family: 'wb'; src:url('https:\/\/www.bam-service.com\/wp-content\/themes\/thefox\/includes\/4k-icons\/icons\/4k-icons-pack05\/icons\/fonts\/wb.eot'); src:url('https:\/\/www.bam-service.com\/wp-content\/themes\/thefox\/includes\/4k-icons\/icons\/4k-icons-pack05\/icons\/fonts\/wb.eot?#iefix') format('embedded-opentype'), url('https:\/\/www.bam-service.com\/wp-content\/themes\/thefox\/includes\/4k-icons\/icons\/4k-icons-pack05\/icons\/fonts\/wb.woff') format('woff'), url('https:\/\/www.bam-service.com\/wp-content\/themes\/thefox\/includes\/4k-icons\/icons\/4k-icons-pack05\/icons\/fonts\/wb.ttf') format('truetype'), url('https:\/\/www.bam-service.com\/wp-content\/themes\/thefox\/includes\/4k-icons\/icons\/4k-icons-pack05\/icons\/fonts\/wb.svg#oi') format('svg'); font-weight: normal; font-style: normal;}#rand_bpf5eb0jq1ij7xxzrx9w .wb-reademail:before{font-family: 'wb'; font-weight: normal; font-style: normal;}#rand_bpf5eb0jq1ij7xxzrx9w .wb-reademail:before{content: \"\\f173\";}<\/style>\n<style type=\"text\/css\" >.rd_list_1 .list_item_ctn { border-color:#dd3333}.rd_list_1 #rand_bpf5eb0jq1ij7xxzrx9w .list_icn i,.rd_list_1_alt #rand_bpf5eb0jq1ij7xxzrx9w .list_icn i{color:#1e73be;}.rd_list_2 #rand_bpf5eb0jq1ij7xxzrx9w:after{background:#002277;}.rd_list_2 #rand_bpf5eb0jq1ij7xxzrx9w .list_icn i{color:#1e73be;}.rd_list_3 #rand_bpf5eb0jq1ij7xxzrx9w .list_icn,.rd_list_5 #rand_bpf5eb0jq1ij7xxzrx9w .list_icn,.rd_list_6 #rand_bpf5eb0jq1ij7xxzrx9w .list_icn{background:#1e73be;}.rd_list_4 #rand_bpf5eb0jq1ij7xxzrx9w{background:#1e73be;}#rand_bpf5eb0jq1ij7xxzrx9w h3{color:#004896;}#rand_bpf5eb0jq1ij7xxzrx9w p{color:#002277;}.rd_list_7 #rand_bpf5eb0jq1ij7xxzrx9w .list_icn{color:#1e73be;}<\/style><div class=\"list_item_ctn\" id=\"rand_bpf5eb0jq1ij7xxzrx9w\"><div class=\"list_icn\"><i class=\"wb-reademail\"><\/i><\/div><div class=\"list_desc\"><h3>Management of mailboxes<\/h3><\/div><\/div><style type='text\/css'> @font-face{font-family: 'fa'; src:url('https:\/\/www.bam-service.com\/wp-content\/themes\/thefox\/includes\/4k-icons\/icons\/4k-icons-pack02\/icons\/fonts\/fa.eot'); src:url('https:\/\/www.bam-service.com\/wp-content\/themes\/thefox\/includes\/4k-icons\/icons\/4k-icons-pack02\/icons\/fonts\/fa.eot?#iefix') format('embedded-opentype'), url('https:\/\/www.bam-service.com\/wp-content\/themes\/thefox\/includes\/4k-icons\/icons\/4k-icons-pack02\/icons\/fonts\/fa.woff') format('woff'), url('https:\/\/www.bam-service.com\/wp-content\/themes\/thefox\/includes\/4k-icons\/icons\/4k-icons-pack02\/icons\/fonts\/fa.ttf') format('truetype'), url('https:\/\/www.bam-service.com\/wp-content\/themes\/thefox\/includes\/4k-icons\/icons\/4k-icons-pack02\/icons\/fonts\/fa.svg#oi') format('svg'); font-weight: normal; font-style: normal;}#rand_sq1f83eu56etoppe8m7f .fa-copy:before{font-family: 'fa'; font-weight: normal; font-style: normal;}#rand_sq1f83eu56etoppe8m7f .fa-copy:before{content: \"\\f0c5\";}<\/style>\n<style type=\"text\/css\" >.rd_list_1 .list_item_ctn { border-color:#dd3333}.rd_list_1 #rand_sq1f83eu56etoppe8m7f .list_icn i,.rd_list_1_alt #rand_sq1f83eu56etoppe8m7f .list_icn i{color:#1e73be;}.rd_list_2 #rand_sq1f83eu56etoppe8m7f:after{background:#002277;}.rd_list_2 #rand_sq1f83eu56etoppe8m7f .list_icn i{color:#1e73be;}.rd_list_3 #rand_sq1f83eu56etoppe8m7f .list_icn,.rd_list_5 #rand_sq1f83eu56etoppe8m7f .list_icn,.rd_list_6 #rand_sq1f83eu56etoppe8m7f .list_icn{background:#1e73be;}.rd_list_4 #rand_sq1f83eu56etoppe8m7f{background:#1e73be;}#rand_sq1f83eu56etoppe8m7f h3{color:#004896;}#rand_sq1f83eu56etoppe8m7f p{color:#002277;}.rd_list_7 #rand_sq1f83eu56etoppe8m7f .list_icn{color:#1e73be;}<\/style><div class=\"list_item_ctn\" id=\"rand_sq1f83eu56etoppe8m7f\"><div class=\"list_icn\"><i class=\"fa-copy\"><\/i><\/div><div class=\"list_desc\"><h3>Set-up of copy-to addresses<\/h3><\/div><\/div><style type='text\/css'> @font-face{font-family: 'wb'; src:url('https:\/\/www.bam-service.com\/wp-content\/themes\/thefox\/includes\/4k-icons\/icons\/4k-icons-pack05\/icons\/fonts\/wb.eot'); src:url('https:\/\/www.bam-service.com\/wp-content\/themes\/thefox\/includes\/4k-icons\/icons\/4k-icons-pack05\/icons\/fonts\/wb.eot?#iefix') format('embedded-opentype'), url('https:\/\/www.bam-service.com\/wp-content\/themes\/thefox\/includes\/4k-icons\/icons\/4k-icons-pack05\/icons\/fonts\/wb.woff') format('woff'), url('https:\/\/www.bam-service.com\/wp-content\/themes\/thefox\/includes\/4k-icons\/icons\/4k-icons-pack05\/icons\/fonts\/wb.ttf') format('truetype'), url('https:\/\/www.bam-service.com\/wp-content\/themes\/thefox\/includes\/4k-icons\/icons\/4k-icons-pack05\/icons\/fonts\/wb.svg#oi') format('svg'); font-weight: normal; font-style: normal;}#rand_0hup50wnv9jxsm8re5l4 .wb-autorespond:before{font-family: 'wb'; font-weight: normal; font-style: normal;}#rand_0hup50wnv9jxsm8re5l4 .wb-autorespond:before{content: \"\\f08e\";}<\/style>\n<style type=\"text\/css\" >.rd_list_1 .list_item_ctn { border-color:#dd3333}.rd_list_1 #rand_0hup50wnv9jxsm8re5l4 .list_icn i,.rd_list_1_alt #rand_0hup50wnv9jxsm8re5l4 .list_icn i{color:#1e73be;}.rd_list_2 #rand_0hup50wnv9jxsm8re5l4:after{background:#002277;}.rd_list_2 #rand_0hup50wnv9jxsm8re5l4 .list_icn i{color:#1e73be;}.rd_list_3 #rand_0hup50wnv9jxsm8re5l4 .list_icn,.rd_list_5 #rand_0hup50wnv9jxsm8re5l4 .list_icn,.rd_list_6 #rand_0hup50wnv9jxsm8re5l4 .list_icn{background:#1e73be;}.rd_list_4 #rand_0hup50wnv9jxsm8re5l4{background:#1e73be;}#rand_0hup50wnv9jxsm8re5l4 h3{color:#004896;}#rand_0hup50wnv9jxsm8re5l4 p{color:#002277;}.rd_list_7 #rand_0hup50wnv9jxsm8re5l4 .list_icn{color:#1e73be;}<\/style><div class=\"list_item_ctn\" id=\"rand_0hup50wnv9jxsm8re5l4\"><div class=\"list_icn\"><i class=\"wb-autorespond\"><\/i><\/div><div class=\"list_desc\"><h3>Installation of an autoresponder<\/h3><\/div><\/div><style type='text\/css'> @font-face{font-family: 'wb'; src:url('https:\/\/www.bam-service.com\/wp-content\/themes\/thefox\/includes\/4k-icons\/icons\/4k-icons-pack05\/icons\/fonts\/wb.eot'); src:url('https:\/\/www.bam-service.com\/wp-content\/themes\/thefox\/includes\/4k-icons\/icons\/4k-icons-pack05\/icons\/fonts\/wb.eot?#iefix') format('embedded-opentype'), url('https:\/\/www.bam-service.com\/wp-content\/themes\/thefox\/includes\/4k-icons\/icons\/4k-icons-pack05\/icons\/fonts\/wb.woff') format('woff'), url('https:\/\/www.bam-service.com\/wp-content\/themes\/thefox\/includes\/4k-icons\/icons\/4k-icons-pack05\/icons\/fonts\/wb.ttf') format('truetype'), url('https:\/\/www.bam-service.com\/wp-content\/themes\/thefox\/includes\/4k-icons\/icons\/4k-icons-pack05\/icons\/fonts\/wb.svg#oi') format('svg'); font-weight: normal; font-style: normal;}#rand_vn5hu47508nzivxl43xb .wb-password:before{font-family: 'wb'; font-weight: normal; font-style: normal;}#rand_vn5hu47508nzivxl43xb .wb-password:before{content: \"\\f03e\";}<\/style>\n<style type=\"text\/css\" >.rd_list_1 .list_item_ctn { border-color:#dd3333}.rd_list_1 #rand_vn5hu47508nzivxl43xb .list_icn i,.rd_list_1_alt #rand_vn5hu47508nzivxl43xb .list_icn i{color:#1e73be;}.rd_list_2 #rand_vn5hu47508nzivxl43xb:after{background:#002277;}.rd_list_2 #rand_vn5hu47508nzivxl43xb .list_icn i{color:#1e73be;}.rd_list_3 #rand_vn5hu47508nzivxl43xb .list_icn,.rd_list_5 #rand_vn5hu47508nzivxl43xb .list_icn,.rd_list_6 #rand_vn5hu47508nzivxl43xb .list_icn{background:#1e73be;}.rd_list_4 #rand_vn5hu47508nzivxl43xb{background:#1e73be;}#rand_vn5hu47508nzivxl43xb h3{color:#004896;}#rand_vn5hu47508nzivxl43xb p{color:#002277;}.rd_list_7 #rand_vn5hu47508nzivxl43xb .list_icn{color:#1e73be;}<\/style><div class=\"list_item_ctn\" id=\"rand_vn5hu47508nzivxl43xb\"><div class=\"list_icn\"><i class=\"wb-password\"><\/i><\/div><div class=\"list_desc\"><h3>Password change features<\/h3><\/div><\/div><style type='text\/css'> @font-face{font-family: 'im'; src:url('https:\/\/www.bam-service.com\/wp-content\/themes\/thefox\/includes\/4k-icons\/icons\/4k-icons-pack03\/icons\/fonts\/im.eot'); src:url('https:\/\/www.bam-service.com\/wp-content\/themes\/thefox\/includes\/4k-icons\/icons\/4k-icons-pack03\/icons\/fonts\/im.eot?#iefix') format('embedded-opentype'), url('https:\/\/www.bam-service.com\/wp-content\/themes\/thefox\/includes\/4k-icons\/icons\/4k-icons-pack03\/icons\/fonts\/im.woff') format('woff'), url('https:\/\/www.bam-service.com\/wp-content\/themes\/thefox\/includes\/4k-icons\/icons\/4k-icons-pack03\/icons\/fonts\/im.ttf') format('truetype'), url('https:\/\/www.bam-service.com\/wp-content\/themes\/thefox\/includes\/4k-icons\/icons\/4k-icons-pack03\/icons\/fonts\/im.svg#oi') format('svg'); font-weight: normal; font-style: normal;}#rand_lftzk1xzir2atycxfod5 .im-disk:before{font-family: 'im'; font-weight: normal; font-style: normal;}#rand_lftzk1xzir2atycxfod5 .im-disk:before{content: \"\\e05f\";}<\/style>\n<style type=\"text\/css\" >.rd_list_1 .list_item_ctn { border-color:#dd3333}.rd_list_1 #rand_lftzk1xzir2atycxfod5 .list_icn i,.rd_list_1_alt #rand_lftzk1xzir2atycxfod5 .list_icn i{color:#1e73be;}.rd_list_2 #rand_lftzk1xzir2atycxfod5:after{background:#002277;}.rd_list_2 #rand_lftzk1xzir2atycxfod5 .list_icn i{color:#1e73be;}.rd_list_3 #rand_lftzk1xzir2atycxfod5 .list_icn,.rd_list_5 #rand_lftzk1xzir2atycxfod5 .list_icn,.rd_list_6 #rand_lftzk1xzir2atycxfod5 .list_icn{background:#1e73be;}.rd_list_4 #rand_lftzk1xzir2atycxfod5{background:#1e73be;}#rand_lftzk1xzir2atycxfod5 h3{color:#004896;}#rand_lftzk1xzir2atycxfod5 p{color:#002277;}.rd_list_7 #rand_lftzk1xzir2atycxfod5 .list_icn{color:#1e73be;}<\/style><div class=\"list_item_ctn\" id=\"rand_lftzk1xzir2atycxfod5\"><div class=\"list_icn\"><i class=\"im-disk\"><\/i><\/div><div class=\"list_desc\"><h3>Management of mailbox storage space<\/h3><\/div><\/div><\/div>\r\n\r\n<!-- lists END-->\n\n\t\t<\/div> <\/div>\n\t<\/div> \n\t<div  class=\"vc_span6 wpb_column vc_column_container rda_pulse\"><div class=\"vc_column-inner\">\n\t\t<div class=\"wpb_wrapper\">\n\t\t\t<div class=\"vc_empty_space\"   style=\"height: 100px\"><span class=\"vc_empty_space_inner\"><\/span><\/div><style type=\"text\/css\" >#rand_dveobb231ffsm98gw8mk {margin-top:0px; margin-bottom:0px; }<\/style><style type=\"text\/css\" >#rand_dveobb231ffsm98gw8mk {padding-left:0; padding-right:0; }<\/style><style type=\"text\/css\" >#rand_dveobb231ffsm98gw8mk .icon_circle{color:#1e73be; }#rand_dveobb231ffsm98gw8mk:hover .icon_circle i{color:#fff !important;}#rand_dveobb231ffsm98gw8mk:hover .icon_circle{background:#1e73be !important; }<\/style> <style type='text\/css'> @font-face{font-family: 'en'; src:url('https:\/\/www.bam-service.com\/wp-content\/themes\/thefox\/includes\/4k-icons\/icons\/4k-icons-pack02\/icons\/fonts\/en.eot'); src:url('https:\/\/www.bam-service.com\/wp-content\/themes\/thefox\/includes\/4k-icons\/icons\/4k-icons-pack02\/icons\/fonts\/en.eot?#iefix') format('embedded-opentype'), url('https:\/\/www.bam-service.com\/wp-content\/themes\/thefox\/includes\/4k-icons\/icons\/4k-icons-pack02\/icons\/fonts\/en.woff') format('woff'), url('https:\/\/www.bam-service.com\/wp-content\/themes\/thefox\/includes\/4k-icons\/icons\/4k-icons-pack02\/icons\/fonts\/en.ttf') format('truetype'), url('https:\/\/www.bam-service.com\/wp-content\/themes\/thefox\/includes\/4k-icons\/icons\/4k-icons-pack02\/icons\/fonts\/en.svg#oi') format('svg'); font-weight: normal; font-style: normal;}#rand_dveobb231ffsm98gw8mk .en-login:before{font-family: 'en'; font-weight: normal; font-style: normal;}#rand_dveobb231ffsm98gw8mk .en-login:before{content: \"\\e076\";}<\/style>\n<style type=\"text\/css\" >#rand_dveobb231ffsm98gw8mk:hover .icon_circle{background:#1e73be !important;}#rand_dveobb231ffsm98gw8mk:hover .icon_circle i{color:#fff !important;}#rand_dveobb231ffsm98gw8mk:hover .icon_circle i:before{background:#dd9933;}#rand_dveobb231ffsm98gw8mk:hover h3{color:#2d3e50 !important;}#rand_dveobb231ffsm98gw8mk:hover p{color: !important;}#rand_dveobb231ffsm98gw8mk:hover p{ color:;}<\/style> <a href=\"https:\/\/ssl.bam-service.de\/pop3\/\" target=\"_blank\" ><div id=\"rand_dveobb231ffsm98gw8mk\" class=\"icon_box2_bc\"><div class=\"icon_circle\"><i class=\"en-login\" ><\/i><\/div><h3 style=\"color:;\" >Customer Portal<\/h3><p style=\"color:;\" ><\/p><\/div><\/a>\n\t\t<\/div> <\/div>\n\t<\/div> <\/div>\n<\/div>","protected":false},"excerpt":{"rendered":"<p>F\u00fcr die Mailboxverwaltung nutzen wir den PD-Admin mit einem leistungsstarken Webinterface. Im Mailboxmen\u00fc haben Sie folgende M\u00f6glichkeiten: Verwaltung von Mailpostf\u00e4chern Einrichtung von Kopie-An Adressen Einrichtung von Autoresponder Passwort\u00e4nderung Verwaltung von Mailbox-Speicherplatz Zum Kundenlogin<\/p>","protected":false},"author":1,"featured_media":0,"parent":204,"menu_order":3,"comment_status":"closed","ping_status":"closed","template":"","meta":{"footnotes":""},"class_list":["post-464","page","type-page","status-publish","hentry"],"_links":{"self":[{"href":"https:\/\/www.bam-service.com\/en\/wp-json\/wp\/v2\/pages\/464","targetHints":{"allow":["GET"]}}],"collection":[{"href":"https:\/\/www.bam-service.com\/en\/wp-json\/wp\/v2\/pages"}],"about":[{"href":"https:\/\/www.bam-service.com\/en\/wp-json\/wp\/v2\/types\/page"}],"author":[{"embeddable":true,"href":"https:\/\/www.bam-service.com\/en\/wp-json\/wp\/v2\/users\/1"}],"replies":[{"embeddable":true,"href":"https:\/\/www.bam-service.com\/en\/wp-json\/wp\/v2\/comments?post=464"}],"version-history":[{"count":3,"href":"https:\/\/www.bam-service.com\/en\/wp-json\/wp\/v2\/pages\/464\/revisions"}],"predecessor-version":[{"id":497,"href":"https:\/\/www.bam-service.com\/en\/wp-json\/wp\/v2\/pages\/464\/revisions\/497"}],"up":[{"embeddable":true,"href":"https:\/\/www.bam-service.com\/en\/wp-json\/wp\/v2\/pages\/204"}],"wp:attachment":[{"href":"https:\/\/www.bam-service.com\/en\/wp-json\/wp\/v2\/media?parent=464"}],"curies":[{"name":"wp","href":"https:\/\/api.w.org\/{rel}","templated":true}]}}