{"id":788,"date":"2021-08-15T03:24:57","date_gmt":"2021-08-15T01:24:57","guid":{"rendered":"https:\/\/www.bam-service.com\/?page_id=788"},"modified":"2021-08-15T04:16:17","modified_gmt":"2021-08-15T02:16:17","slug":"phpmyadmin","status":"publish","type":"page","link":"https:\/\/www.bam-service.com\/en\/service\/phpmyadmin\/","title":{"rendered":"phpMyAdmin"},"content":{"rendered":"<div class=\"wpb-content-wrapper\"><div   class=\"vc_row wpb_row vc_row-fluid\">\n\t<div  class=\"vc_span12 wpb_column vc_column_container\"><div class=\"vc_column-inner\">\n\t\t<div class=\"wpb_wrapper\">\n\t\t\t\n\t\t<\/div> <\/div>\n\t<\/div> <\/div><div   class=\"vc_row wpb_row vc_row-fluid\">\n\t<div  class=\"vc_span6 wpb_column vc_column_container\"><div class=\"vc_column-inner\">\n\t\t<div class=\"wpb_wrapper\">\n\t\t\t<style type=\"text\/css\" >#rand_t5m7e2epyesc7jyfu2me {margin-top:0px; margin-bottom:0px; }<\/style><style type='text\/css'> @font-face{font-family: 'wb'; src:url('https:\/\/www.bam-service.com\/wp-content\/themes\/thefox\/includes\/4k-icons\/icons\/4k-icons-pack05\/icons\/fonts\/wb.eot'); src:url('https:\/\/www.bam-service.com\/wp-content\/themes\/thefox\/includes\/4k-icons\/icons\/4k-icons-pack05\/icons\/fonts\/wb.eot?#iefix') format('embedded-opentype'), url('https:\/\/www.bam-service.com\/wp-content\/themes\/thefox\/includes\/4k-icons\/icons\/4k-icons-pack05\/icons\/fonts\/wb.woff') format('woff'), url('https:\/\/www.bam-service.com\/wp-content\/themes\/thefox\/includes\/4k-icons\/icons\/4k-icons-pack05\/icons\/fonts\/wb.ttf') format('truetype'), url('https:\/\/www.bam-service.com\/wp-content\/themes\/thefox\/includes\/4k-icons\/icons\/4k-icons-pack05\/icons\/fonts\/wb.svg#oi') format('svg'); font-weight: normal; font-style: normal;}#rand_t5m7e2epyesc7jyfu2me .wb-php:before{font-family: 'wb'; font-weight: normal; font-style: normal;}#rand_t5m7e2epyesc7jyfu2me .wb-php:before{content: \"\\f09c\";}<\/style>\n<div id=\"rand_t5m7e2epyesc7jyfu2me\" class=\"icon_box_mi_b rda_pulse\"><i class=\"wb-php\" style=\"color:#1e73be;\"><\/i><h3 style=\"color:#004896;\">phpMyAdmin<\/h3><p style=\"color:#002277\"><\/p>\n<p>We use the phpMyAdmin software tool for the administration of MySQL database service. You get to choose phpMyAdmin with or without the graphical WYSIWYG editor.<\/p>\n<p>phpMyAdmin offers multiple benefits in one package:<\/p>\n<p><span data-mce-type=\"bookmark\" style=\"display: inline-block; width: 0px; overflow: hidden; line-height: 0;\" class=\"mce_SELRES_start\"><\/span><\/p>\n<p><span data-mce-type=\"bookmark\" style=\"display: inline-block; width: 0px; overflow: hidden; line-height: 0;\" class=\"mce_SELRES_start\"><\/span><\/p>\n<p><span data-mce-type=\"bookmark\" style=\"display: inline-block; width: 0px; overflow: hidden; line-height: 0;\" class=\"mce_SELRES_start\"><\/span><\/p>\n<p><span data-mce-type=\"bookmark\" style=\"display: inline-block; width: 0px; overflow: hidden; line-height: 0;\" class=\"mce_SELRES_start\"><\/span><\/p>\n<p><\/p><\/div><div class=\"vc_row wpb_row vc_inner vc_row-fluid\"><div  class=\"wpb_column vc_column_container vc_span12\"><div class=\"vc_column-inner  vc_custom_1628991326590\" ><div class=\"wpb_wrapper\"><style type=\"text\/css\" >#rand_1ns2asllubiyclped79r {margin-top:-180px; margin-bottom:0px; }<\/style><style type='text\/css'> @font-face{font-family: 'file'; src:url('https:\/\/www.bam-service.com\/wp-content\/themes\/thefox\/includes\/4k-icons\/icons\/4k-icons-pack02\/icons\/fonts\/file.eot'); src:url('https:\/\/www.bam-service.com\/wp-content\/themes\/thefox\/includes\/4k-icons\/icons\/4k-icons-pack02\/icons\/fonts\/file.eot?#iefix') format('embedded-opentype'), url('https:\/\/www.bam-service.com\/wp-content\/themes\/thefox\/includes\/4k-icons\/icons\/4k-icons-pack02\/icons\/fonts\/file.woff') format('woff'), url('https:\/\/www.bam-service.com\/wp-content\/themes\/thefox\/includes\/4k-icons\/icons\/4k-icons-pack02\/icons\/fonts\/file.ttf') format('truetype'), url('https:\/\/www.bam-service.com\/wp-content\/themes\/thefox\/includes\/4k-icons\/icons\/4k-icons-pack02\/icons\/fonts\/file.svg#oi') format('svg'); font-weight: normal; font-style: normal;}#rand_1ns2asllubiyclped79r .file-db2:before{font-family: 'file'; font-weight: normal; font-style: normal;}#rand_1ns2asllubiyclped79r .file-db2:before{content: \"\\e825\";}<\/style>\n<div id=\"rand_1ns2asllubiyclped79r\" class=\"icon_box\"><i class=\"file-db2\" style=\"color:#1e73be;\"><\/i><h3 class=\"mi_heading\" style=\"color:#004896;\">Works with all MySQL versions for seamless management of databases and information<\/h3><p style=\"color:#002277\"><\/p>\n<p><span data-mce-type=\"bookmark\" style=\"display: inline-block; width: 0px; overflow: hidden; line-height: 0;\" class=\"mce_SELRES_start\"><\/span><\/p>\n<p><span data-mce-type=\"bookmark\" style=\"display: inline-block; width: 0px; overflow: hidden; line-height: 0;\" class=\"mce_SELRES_start\"><\/span><\/p>\n<p><span data-mce-type=\"bookmark\" style=\"display: inline-block; width: 0px; overflow: hidden; line-height: 0;\" class=\"mce_SELRES_start\"><\/span><\/p>\n<p><span data-mce-type=\"bookmark\" style=\"display: inline-block; width: 0px; overflow: hidden; line-height: 0;\" class=\"mce_SELRES_start\"><\/span><\/p>\n<p><span data-mce-type=\"bookmark\" style=\"display: inline-block; width: 0px; overflow: hidden; line-height: 0;\" class=\"mce_SELRES_start\"><\/span><\/p>\n<p><span data-mce-type=\"bookmark\" style=\"display: inline-block; width: 0px; overflow: hidden; line-height: 0;\" class=\"mce_SELRES_start\"><\/span><\/p><\/div><style type=\"text\/css\" >#rand_84sn349uns7n3gypgb17 {margin-top:-250px; margin-bottom:0px; }<\/style><style type='text\/css'> @font-face{font-family: 'file'; src:url('https:\/\/www.bam-service.com\/wp-content\/themes\/thefox\/includes\/4k-icons\/icons\/4k-icons-pack02\/icons\/fonts\/file.eot'); src:url('https:\/\/www.bam-service.com\/wp-content\/themes\/thefox\/includes\/4k-icons\/icons\/4k-icons-pack02\/icons\/fonts\/file.eot?#iefix') format('embedded-opentype'), url('https:\/\/www.bam-service.com\/wp-content\/themes\/thefox\/includes\/4k-icons\/icons\/4k-icons-pack02\/icons\/fonts\/file.woff') format('woff'), url('https:\/\/www.bam-service.com\/wp-content\/themes\/thefox\/includes\/4k-icons\/icons\/4k-icons-pack02\/icons\/fonts\/file.ttf') format('truetype'), url('https:\/\/www.bam-service.com\/wp-content\/themes\/thefox\/includes\/4k-icons\/icons\/4k-icons-pack02\/icons\/fonts\/file.svg#oi') format('svg'); font-weight: normal; font-style: normal;}#rand_84sn349uns7n3gypgb17 .file-sql5:before{font-family: 'file'; font-weight: normal; font-style: normal;}#rand_84sn349uns7n3gypgb17 .file-sql5:before{content: \"\\e890\";}<\/style>\n<div id=\"rand_84sn349uns7n3gypgb17\" class=\"icon_box\"><i class=\"file-sql5\" style=\"color:#1e73be;\"><\/i><h3 class=\"mi_heading\" style=\"color:#004896;\">No knowledge of SQL necessary<\/h3><p style=\"color:#002277\"><\/p>\n<p><span data-mce-type=\"bookmark\" style=\"display: inline-block; width: 0px; overflow: hidden; line-height: 0;\" class=\"mce_SELRES_start\"><\/span><\/p>\n<p><span data-mce-type=\"bookmark\" style=\"display: inline-block; width: 0px; overflow: hidden; line-height: 0;\" class=\"mce_SELRES_start\"><\/span><\/p><\/div><div class=\"vc_empty_space\"   style=\"height: 32px\"><span class=\"vc_empty_space_inner\"><\/span><\/div><style type=\"text\/css\" >#rand_wqpp7lzlxhwrth7avegu {margin-top:-110px; margin-bottom:0px; }<\/style><style type='text\/css'> @font-face{font-family: 'wb'; src:url('https:\/\/www.bam-service.com\/wp-content\/themes\/thefox\/includes\/4k-icons\/icons\/4k-icons-pack05\/icons\/fonts\/wb.eot'); src:url('https:\/\/www.bam-service.com\/wp-content\/themes\/thefox\/includes\/4k-icons\/icons\/4k-icons-pack05\/icons\/fonts\/wb.eot?#iefix') format('embedded-opentype'), url('https:\/\/www.bam-service.com\/wp-content\/themes\/thefox\/includes\/4k-icons\/icons\/4k-icons-pack05\/icons\/fonts\/wb.woff') format('woff'), url('https:\/\/www.bam-service.com\/wp-content\/themes\/thefox\/includes\/4k-icons\/icons\/4k-icons-pack05\/icons\/fonts\/wb.ttf') format('truetype'), url('https:\/\/www.bam-service.com\/wp-content\/themes\/thefox\/includes\/4k-icons\/icons\/4k-icons-pack05\/icons\/fonts\/wb.svg#oi') format('svg'); font-weight: normal; font-style: normal;}#rand_wqpp7lzlxhwrth7avegu .wb-backupwizard:before{font-family: 'wb'; font-weight: normal; font-style: normal;}#rand_wqpp7lzlxhwrth7avegu .wb-backupwizard:before{content: \"\\f05f\";}<\/style>\n<div id=\"rand_wqpp7lzlxhwrth7avegu\" class=\"icon_box_si\"><i class=\"wb-backupwizard\" style=\"color:#1e73be;\"><\/i><h3 style=\"color:#004896;\">Simple backup of databases<\/h3><p style=\"color:#002277\"><\/p>\n<p><span data-mce-type=\"bookmark\" style=\"display: inline-block; width: 0px; overflow: hidden; line-height: 0;\" class=\"mce_SELRES_start\"><\/span><\/p>\n<p><span data-mce-type=\"bookmark\" style=\"display: inline-block; width: 0px; overflow: hidden; line-height: 0;\" class=\"mce_SELRES_start\"><\/span><\/p>\n<p><span data-mce-type=\"bookmark\" style=\"display: inline-block; width: 0px; overflow: hidden; line-height: 0;\" class=\"mce_SELRES_start\"><\/span><\/p>\n<p><span data-mce-type=\"bookmark\" style=\"display: inline-block; width: 0px; overflow: hidden; line-height: 0;\" class=\"mce_SELRES_start\"><\/span><\/p><\/div><div class=\"vc_empty_space\"   style=\"height: 32px\"><span class=\"vc_empty_space_inner\"><\/span><\/div><style type=\"text\/css\" >#rand_0ij4vi4mkd5299nbeltj {margin-top:-170px; margin-bottom:0px; }<\/style><style type='text\/css'> @font-face{font-family: 'en'; src:url('https:\/\/www.bam-service.com\/wp-content\/themes\/thefox\/includes\/4k-icons\/icons\/4k-icons-pack02\/icons\/fonts\/en.eot'); src:url('https:\/\/www.bam-service.com\/wp-content\/themes\/thefox\/includes\/4k-icons\/icons\/4k-icons-pack02\/icons\/fonts\/en.eot?#iefix') format('embedded-opentype'), url('https:\/\/www.bam-service.com\/wp-content\/themes\/thefox\/includes\/4k-icons\/icons\/4k-icons-pack02\/icons\/fonts\/en.woff') format('woff'), url('https:\/\/www.bam-service.com\/wp-content\/themes\/thefox\/includes\/4k-icons\/icons\/4k-icons-pack02\/icons\/fonts\/en.ttf') format('truetype'), url('https:\/\/www.bam-service.com\/wp-content\/themes\/thefox\/includes\/4k-icons\/icons\/4k-icons-pack02\/icons\/fonts\/en.svg#oi') format('svg'); font-weight: normal; font-style: normal;}#rand_0ij4vi4mkd5299nbeltj .en-language:before{font-family: 'en'; font-weight: normal; font-style: normal;}#rand_0ij4vi4mkd5299nbeltj .en-language:before{content: \"\\e048\";}<\/style>\n<div id=\"rand_0ij4vi4mkd5299nbeltj\" class=\"icon_box_si\"><i class=\"en-language\" style=\"color:#1e73be;\"><\/i><h3 style=\"color:#004896;\">Fully supported in 50+ languages<\/h3><p style=\"color:#002277\"><br \/>\n<span data-mce-type=\"bookmark\" style=\"display: inline-block; width: 0px; overflow: hidden; line-height: 0;\" class=\"mce_SELRES_start\"><\/span><\/p><\/div><div class=\"vc_empty_space\"   style=\"height: 32px\"><span class=\"vc_empty_space_inner\"><\/span><\/div><style type=\"text\/css\" >#rand_d2tv1o7hxzg5ana8v3w5 {margin-top:-70px; margin-bottom:0px; }<\/style><style type='text\/css'> @font-face{font-family: 'ba'; src:url('https:\/\/www.bam-service.com\/wp-content\/themes\/thefox\/includes\/4k-icons\/icons\/4k-icons-pack01\/icons\/fonts\/ba.eot'); src:url('https:\/\/www.bam-service.com\/wp-content\/themes\/thefox\/includes\/4k-icons\/icons\/4k-icons-pack01\/icons\/fonts\/ba.eot?#iefix') format('embedded-opentype'), url('https:\/\/www.bam-service.com\/wp-content\/themes\/thefox\/includes\/4k-icons\/icons\/4k-icons-pack01\/icons\/fonts\/ba.woff') format('woff'), url('https:\/\/www.bam-service.com\/wp-content\/themes\/thefox\/includes\/4k-icons\/icons\/4k-icons-pack01\/icons\/fonts\/ba.ttf') format('truetype'), url('https:\/\/www.bam-service.com\/wp-content\/themes\/thefox\/includes\/4k-icons\/icons\/4k-icons-pack01\/icons\/fonts\/ba.svg#oi') format('svg'); font-weight: normal; font-style: normal;}#rand_d2tv1o7hxzg5ana8v3w5 .ba-database9:before{font-family: 'ba'; font-weight: normal; font-style: normal;}#rand_d2tv1o7hxzg5ana8v3w5 .ba-database9:before{content: \"\\e870\";}<\/style>\n<div id=\"rand_d2tv1o7hxzg5ana8v3w5\" class=\"icon_box_si\"><i class=\"ba-database9\" style=\"color:#1e73be;\"><\/i><h3 style=\"color:#004896;\">Multiple MySQL databases can be used with one web interface<\/h3><p style=\"color:#002277\"><\/p>\n<p><span data-mce-type=\"bookmark\" style=\"display: inline-block; width: 0px; overflow: hidden; line-height: 0;\" class=\"mce_SELRES_start\"><\/span><\/p>\n<p><span data-mce-type=\"bookmark\" style=\"display: inline-block; width: 0px; overflow: hidden; line-height: 0;\" class=\"mce_SELRES_start\"><\/span><\/p><\/div><div class=\"vc_empty_space\"   style=\"height: 32px\"><span class=\"vc_empty_space_inner\"><\/span><\/div><style type=\"text\/css\" >#rand_tq6y28s2p17noghr8dz2 {margin-top:-80px; margin-bottom:0px; }<\/style><style type='text\/css'> @font-face{font-family: 'elu'; src:url('https:\/\/www.bam-service.com\/wp-content\/themes\/thefox\/includes\/4k-icons\/icons\/4k-icons-pack02\/icons\/fonts\/elu.eot'); src:url('https:\/\/www.bam-service.com\/wp-content\/themes\/thefox\/includes\/4k-icons\/icons\/4k-icons-pack02\/icons\/fonts\/elu.eot?#iefix') format('embedded-opentype'), url('https:\/\/www.bam-service.com\/wp-content\/themes\/thefox\/includes\/4k-icons\/icons\/4k-icons-pack02\/icons\/fonts\/elu.woff') format('woff'), url('https:\/\/www.bam-service.com\/wp-content\/themes\/thefox\/includes\/4k-icons\/icons\/4k-icons-pack02\/icons\/fonts\/elu.ttf') format('truetype'), url('https:\/\/www.bam-service.com\/wp-content\/themes\/thefox\/includes\/4k-icons\/icons\/4k-icons-pack02\/icons\/fonts\/elu.svg#oi') format('svg'); font-weight: normal; font-style: normal;}#rand_tq6y28s2p17noghr8dz2 .elu-edit-alt:before{font-family: 'elu'; font-weight: normal; font-style: normal;}#rand_tq6y28s2p17noghr8dz2 .elu-edit-alt:before{content: \"\\e849\";}<\/style>\n<div id=\"rand_tq6y28s2p17noghr8dz2\" class=\"icon_box_si\"><i class=\"elu-edit-alt\" style=\"color:#1e73be;\"><\/i><h3 style=\"color:#004896;\">The WYSIWYG query editor supports content consistency<\/h3><p style=\"color:#002277\"><\/p>\n<p><span data-mce-type=\"bookmark\" style=\"display: inline-block; width: 0px; overflow: hidden; line-height: 0;\" class=\"mce_SELRES_start\"><\/span><\/p>\n<p><span data-mce-type=\"bookmark\" style=\"display: inline-block; width: 0px; overflow: hidden; line-height: 0;\" class=\"mce_SELRES_start\"><\/span><\/p><\/div><div class=\"vc_empty_space\"   style=\"height: 32px\"><span class=\"vc_empty_space_inner\"><\/span><\/div><style type=\"text\/css\" >#rand_32qv1cageremgmrbtpdc {margin-top:-90px; margin-bottom:0px; }<\/style><style type='text\/css'> @font-face{font-family: 'wb'; src:url('https:\/\/www.bam-service.com\/wp-content\/themes\/thefox\/includes\/4k-icons\/icons\/4k-icons-pack05\/icons\/fonts\/wb.eot'); src:url('https:\/\/www.bam-service.com\/wp-content\/themes\/thefox\/includes\/4k-icons\/icons\/4k-icons-pack05\/icons\/fonts\/wb.eot?#iefix') format('embedded-opentype'), url('https:\/\/www.bam-service.com\/wp-content\/themes\/thefox\/includes\/4k-icons\/icons\/4k-icons-pack05\/icons\/fonts\/wb.woff') format('woff'), url('https:\/\/www.bam-service.com\/wp-content\/themes\/thefox\/includes\/4k-icons\/icons\/4k-icons-pack05\/icons\/fonts\/wb.ttf') format('truetype'), url('https:\/\/www.bam-service.com\/wp-content\/themes\/thefox\/includes\/4k-icons\/icons\/4k-icons-pack05\/icons\/fonts\/wb.svg#oi') format('svg'); font-weight: normal; font-style: normal;}#rand_32qv1cageremgmrbtpdc .wb-subdomain:before{font-family: 'wb'; font-weight: normal; font-style: normal;}#rand_32qv1cageremgmrbtpdc .wb-subdomain:before{content: \"\\f052\";}<\/style>\n<div id=\"rand_32qv1cageremgmrbtpdc\" class=\"icon_box_si\"><i class=\"wb-subdomain\" style=\"color:#1e73be;\"><\/i><h3 style=\"color:#004896;\">Establishment and forwarding of subdomains<\/h3><p style=\"color:#002277\"><\/p>\n<p><span data-mce-type=\"bookmark\" style=\"display: inline-block; width: 0px; overflow: hidden; line-height: 0;\" class=\"mce_SELRES_start\"><\/span><\/p>\n<p><span data-mce-type=\"bookmark\" style=\"display: inline-block; width: 0px; overflow: hidden; line-height: 0;\" class=\"mce_SELRES_start\"><\/span><\/p><\/div><div class=\"vc_empty_space\"   style=\"height: 32px\"><span class=\"vc_empty_space_inner\"><\/span><\/div><style type=\"text\/css\" >#rand_u8olez8gkpjs5us9fr8q {margin-top:-90px; margin-bottom:0px; }<\/style><style type='text\/css'> @font-face{font-family: 'wb'; src:url('https:\/\/www.bam-service.com\/wp-content\/themes\/thefox\/includes\/4k-icons\/icons\/4k-icons-pack05\/icons\/fonts\/wb.eot'); src:url('https:\/\/www.bam-service.com\/wp-content\/themes\/thefox\/includes\/4k-icons\/icons\/4k-icons-pack05\/icons\/fonts\/wb.eot?#iefix') format('embedded-opentype'), url('https:\/\/www.bam-service.com\/wp-content\/themes\/thefox\/includes\/4k-icons\/icons\/4k-icons-pack05\/icons\/fonts\/wb.woff') format('woff'), url('https:\/\/www.bam-service.com\/wp-content\/themes\/thefox\/includes\/4k-icons\/icons\/4k-icons-pack05\/icons\/fonts\/wb.ttf') format('truetype'), url('https:\/\/www.bam-service.com\/wp-content\/themes\/thefox\/includes\/4k-icons\/icons\/4k-icons-pack05\/icons\/fonts\/wb.svg#oi') format('svg'); font-weight: normal; font-style: normal;}#rand_u8olez8gkpjs5us9fr8q .wb-importfile:before{font-family: 'wb'; font-weight: normal; font-style: normal;}#rand_u8olez8gkpjs5us9fr8q .wb-importfile:before{content: \"\\f32e\";}<\/style>\n<div id=\"rand_u8olez8gkpjs5us9fr8q\" class=\"icon_box_si\"><i class=\"wb-importfile\" style=\"color:#1e73be;\"><\/i><h3 style=\"color:#004896;\">Fast and easy import of CSV files<\/h3><p style=\"color:#002277\"><\/p>\n<p><span data-mce-type=\"bookmark\" style=\"display: inline-block; width: 0px; overflow: hidden; line-height: 0;\" class=\"mce_SELRES_start\"><\/span><\/p>\n<p><span data-mce-type=\"bookmark\" style=\"display: inline-block; width: 0px; overflow: hidden; line-height: 0;\" class=\"mce_SELRES_start\"><\/span><\/p><\/div><div class=\"vc_empty_space\"   style=\"height: 32px\"><span class=\"vc_empty_space_inner\"><\/span><\/div><style type=\"text\/css\" >#rand_98ni6n9rjwuzq0tad8yi {margin-top:-90px; margin-bottom:0px; }<\/style><style type='text\/css'> @font-face{font-family: 'ion'; src:url('https:\/\/www.bam-service.com\/wp-content\/themes\/thefox\/includes\/4k-icons\/icons\/4k-icons-pack03\/icons\/fonts\/ion.eot'); src:url('https:\/\/www.bam-service.com\/wp-content\/themes\/thefox\/includes\/4k-icons\/icons\/4k-icons-pack03\/icons\/fonts\/ion.eot?#iefix') format('embedded-opentype'), url('https:\/\/www.bam-service.com\/wp-content\/themes\/thefox\/includes\/4k-icons\/icons\/4k-icons-pack03\/icons\/fonts\/ion.woff') format('woff'), url('https:\/\/www.bam-service.com\/wp-content\/themes\/thefox\/includes\/4k-icons\/icons\/4k-icons-pack03\/icons\/fonts\/ion.ttf') format('truetype'), url('https:\/\/www.bam-service.com\/wp-content\/themes\/thefox\/includes\/4k-icons\/icons\/4k-icons-pack03\/icons\/fonts\/ion.svg#oi') format('svg'); font-weight: normal; font-style: normal;}#rand_98ni6n9rjwuzq0tad8yi .ion-more:before{font-family: 'ion'; font-weight: normal; font-style: normal;}#rand_98ni6n9rjwuzq0tad8yi .ion-more:before{content: \"\\e99b\";}<\/style>\n<div id=\"rand_98ni6n9rjwuzq0tad8yi\" class=\"icon_box_si\"><i class=\"ion-more\" style=\"color:#1e73be;\"><\/i><h3 style=\"color:#004896;\">phpMyAdmin is upgraded frequently to include new business support features<\/h3><p style=\"color:#002277\"><\/p>\n<p><span data-mce-type=\"bookmark\" style=\"display: inline-block; width: 0px; overflow: hidden; line-height: 0;\" class=\"mce_SELRES_start\"><\/span><\/p>\n<p><span data-mce-type=\"bookmark\" style=\"display: inline-block; width: 0px; overflow: hidden; line-height: 0;\" class=\"mce_SELRES_start\"><\/span><\/p><\/div><div class=\"vc_empty_space\"   style=\"height: 32px\"><span class=\"vc_empty_space_inner\"><\/span><\/div><style type=\"text\/css\" >#rand_97bdtoka5dkuldfh52dx {margin-top:-80px; margin-bottom:0px; }<\/style><style type='text\/css'> @font-face{font-family: 'imf'; src:url('https:\/\/www.bam-service.com\/wp-content\/themes\/thefox\/includes\/4k-icons\/icons\/4k-icons-pack03\/icons\/fonts\/imf.eot'); src:url('https:\/\/www.bam-service.com\/wp-content\/themes\/thefox\/includes\/4k-icons\/icons\/4k-icons-pack03\/icons\/fonts\/imf.eot?#iefix') format('embedded-opentype'), url('https:\/\/www.bam-service.com\/wp-content\/themes\/thefox\/includes\/4k-icons\/icons\/4k-icons-pack03\/icons\/fonts\/imf.woff') format('woff'), url('https:\/\/www.bam-service.com\/wp-content\/themes\/thefox\/includes\/4k-icons\/icons\/4k-icons-pack03\/icons\/fonts\/imf.ttf') format('truetype'), url('https:\/\/www.bam-service.com\/wp-content\/themes\/thefox\/includes\/4k-icons\/icons\/4k-icons-pack03\/icons\/fonts\/imf.svg#oi') format('svg'); font-weight: normal; font-style: normal;}#rand_97bdtoka5dkuldfh52dx .imf-link-4:before{font-family: 'imf'; font-weight: normal; font-style: normal;}#rand_97bdtoka5dkuldfh52dx .imf-link-4:before{content: \"\\e2cd\";}<\/style>\n<div id=\"rand_97bdtoka5dkuldfh52dx\" class=\"icon_box\"><i class=\"imf-link-4\" style=\"color:#1e73be;\"><\/i><h3 class=\"mi_heading\" style=\"color:#004896;\">phpMyAdmin.net<\/h3><p style=\"color:#002277\"><\/p>\n<p>\nFor a detailed overview of how php can help you stay on top of your business, see: <a title=\"phpMyAdmin\" href=\"http:\/\/www.phpmyadmin.net\/\" target=\"_blank\" rel=\"noopener\">phpmyadmin.net<\/a>.<\/p>\n<p><span data-mce-type=\"bookmark\" style=\"display: inline-block; width: 0px; overflow: hidden; line-height: 0;\" class=\"mce_SELRES_start\"><\/span><\/p>\n<p><span data-mce-type=\"bookmark\" style=\"display: inline-block; width: 0px; overflow: hidden; line-height: 0;\" class=\"mce_SELRES_start\"><\/span><\/p><\/div><\/div><\/div><\/div><\/div>\n\t\t<\/div> <\/div>\n\t<\/div> \n\t<div  class=\"vc_span6 wpb_column vc_column_container\"><div class=\"vc_column-inner\">\n\t\t<div class=\"wpb_wrapper\">\n\t\t\t<div class=\"vc_empty_space\"   style=\"height: 100px\"><span class=\"vc_empty_space_inner\"><\/span><\/div><style type=\"text\/css\" >#rand_ushh3m5xt1jrgavssefa {margin-top:0px; margin-bottom:0px; }<\/style><style type=\"text\/css\" >#rand_ushh3m5xt1jrgavssefa {padding-left:0; padding-right:0; }<\/style><style type=\"text\/css\" >#rand_ushh3m5xt1jrgavssefa .icon_circle{color:#1e73be; }#rand_ushh3m5xt1jrgavssefa:hover .icon_circle i{color:#fff !important;}#rand_ushh3m5xt1jrgavssefa:hover .icon_circle{background:#1e73be !important; }<\/style> <style type='text\/css'> @font-face{font-family: 'en'; src:url('https:\/\/www.bam-service.com\/wp-content\/themes\/thefox\/includes\/4k-icons\/icons\/4k-icons-pack02\/icons\/fonts\/en.eot'); src:url('https:\/\/www.bam-service.com\/wp-content\/themes\/thefox\/includes\/4k-icons\/icons\/4k-icons-pack02\/icons\/fonts\/en.eot?#iefix') format('embedded-opentype'), url('https:\/\/www.bam-service.com\/wp-content\/themes\/thefox\/includes\/4k-icons\/icons\/4k-icons-pack02\/icons\/fonts\/en.woff') format('woff'), url('https:\/\/www.bam-service.com\/wp-content\/themes\/thefox\/includes\/4k-icons\/icons\/4k-icons-pack02\/icons\/fonts\/en.ttf') format('truetype'), url('https:\/\/www.bam-service.com\/wp-content\/themes\/thefox\/includes\/4k-icons\/icons\/4k-icons-pack02\/icons\/fonts\/en.svg#oi') format('svg'); font-weight: normal; font-style: normal;}#rand_ushh3m5xt1jrgavssefa .en-login:before{font-family: 'en'; font-weight: normal; font-style: normal;}#rand_ushh3m5xt1jrgavssefa .en-login:before{content: \"\\e076\";}<\/style>\n<style type=\"text\/css\" >#rand_ushh3m5xt1jrgavssefa:hover .icon_circle{background:#1e73be !important;}#rand_ushh3m5xt1jrgavssefa:hover .icon_circle i{color:#fff !important;}#rand_ushh3m5xt1jrgavssefa:hover .icon_circle i:before{background:#dd9933;}#rand_ushh3m5xt1jrgavssefa:hover h3{color:#2d3e50 !important;}#rand_ushh3m5xt1jrgavssefa:hover p{color: !important;}#rand_ushh3m5xt1jrgavssefa:hover p{ color:;}<\/style> <a href=\"https:\/\/ssl.bam-service.de\/phpMyAdmin\/\" target=\"_blank\" ><div id=\"rand_ushh3m5xt1jrgavssefa\" class=\"icon_box2_bc\"><div class=\"icon_circle\"><i class=\"en-login\" ><\/i><\/div><h3 style=\"color:;\" >phpMyAdmin Portal<\/h3><p style=\"color:;\" ><\/p><\/div><\/a>\n\t\t<\/div> <\/div>\n\t<\/div> <\/div>\n<\/div>","protected":false},"excerpt":{"rendered":"<p>phpMyAdmin F\u00fcr die Datenadministration von MySQL k\u00f6nnen Sie den phpMyAdmin mit dem grafischen WYSIWYG-Editor nutzen. Folgende Features sind damit m\u00f6glich: \ufeff \ufeff \ufeff \ufeff f\u00fcr alle MySQL Versionen \ufeff \ufeff \ufeff \ufeff \ufeff \ufeff keine Kenntnisse in SQL notwendig \ufeff \ufeff einfaches Backup von Datenbanken \ufeff \ufeff \ufeff \ufeff Unterst\u00fczung von mehr als 50 Sprachen<br \/><a href=\"https:\/\/www.bam-service.com\/en\/service\/phpmyadmin\/\" class=\"more\">Read more<\/a><\/p>","protected":false},"author":1,"featured_media":0,"parent":201,"menu_order":2,"comment_status":"closed","ping_status":"closed","template":"","meta":{"footnotes":""},"class_list":["post-788","page","type-page","status-publish","hentry"],"_links":{"self":[{"href":"https:\/\/www.bam-service.com\/en\/wp-json\/wp\/v2\/pages\/788","targetHints":{"allow":["GET"]}}],"collection":[{"href":"https:\/\/www.bam-service.com\/en\/wp-json\/wp\/v2\/pages"}],"about":[{"href":"https:\/\/www.bam-service.com\/en\/wp-json\/wp\/v2\/types\/page"}],"author":[{"embeddable":true,"href":"https:\/\/www.bam-service.com\/en\/wp-json\/wp\/v2\/users\/1"}],"replies":[{"embeddable":true,"href":"https:\/\/www.bam-service.com\/en\/wp-json\/wp\/v2\/comments?post=788"}],"version-history":[{"count":34,"href":"https:\/\/www.bam-service.com\/en\/wp-json\/wp\/v2\/pages\/788\/revisions"}],"predecessor-version":[{"id":824,"href":"https:\/\/www.bam-service.com\/en\/wp-json\/wp\/v2\/pages\/788\/revisions\/824"}],"up":[{"embeddable":true,"href":"https:\/\/www.bam-service.com\/en\/wp-json\/wp\/v2\/pages\/201"}],"wp:attachment":[{"href":"https:\/\/www.bam-service.com\/en\/wp-json\/wp\/v2\/media?parent=788"}],"curies":[{"name":"wp","href":"https:\/\/api.w.org\/{rel}","templated":true}]}}